{"id":9195,"date":"2020-04-16T22:23:55","date_gmt":"2020-04-16T20:23:55","guid":{"rendered":"https:\/\/www.lamhair.be\/shop\/?post_type=product&#038;p=9195"},"modified":"2024-06-30T16:57:32","modified_gmt":"2024-06-30T14:57:32","slug":"shampoing-loreal-expert-sensibalance-300ml","status":"publish","type":"product","link":"https:\/\/www.lamhair.be\/shop\/product\/shampoing-loreal-expert-sensibalance-300ml\/","title":{"rendered":"Shampoing L&rsquo;Or\u00e9al Expert Sensibalance 300ml"},"content":{"rendered":"","protected":false},"excerpt":{"rendered":"<p>Shampooing dermo-protecteur apaisant.<br \/>\nApaise le cuir chevelu d\u00e9s la premi\u00e8re utilisation.<br \/>\nId\u00e9al pour les cuir chevelu sensibles et irrit\u00e9s.<\/p>\n","protected":false},"featured_media":9317,"comment_status":"open","ping_status":"closed","template":"","meta":[],"product_cat":[15],"product_tag":[],"yoast_head":"<!-- This site is optimized with the Yoast SEO plugin v19.5.1 - https:\/\/yoast.com\/wordpress\/plugins\/seo\/ -->\n<title>Shampoing L&#039;Or\u00e9al Expert Sensibalance 300ml - Lamhair - boutique<\/title>\n<meta name=\"robots\" content=\"index, follow, max-snippet:-1, max-image-preview:large, max-video-preview:-1\" \/>\n<link rel=\"canonical\" href=\"https:\/\/www.lamhair.be\/shop\/product\/shampoing-loreal-expert-sensibalance-300ml\/\" \/>\n<meta property=\"og:locale\" content=\"fr_FR\" \/>\n<meta property=\"og:type\" content=\"article\" \/>\n<meta property=\"og:title\" content=\"Shampoing L&#039;Or\u00e9al Expert Sensibalance 300ml - Lamhair - boutique\" \/>\n<meta property=\"og:description\" content=\"Shampooing dermo-protecteur apaisant. Apaise le cuir chevelu d\u00e9s la premi\u00e8re utilisation. Id\u00e9al pour les cuir chevelu sensibles et irrit\u00e9s.\" \/>\n<meta property=\"og:url\" content=\"https:\/\/www.lamhair.be\/shop\/product\/shampoing-loreal-expert-sensibalance-300ml\/\" \/>\n<meta property=\"og:site_name\" content=\"Lamhair - boutique\" \/>\n<meta property=\"article:modified_time\" content=\"2024-06-30T14:57:32+00:00\" \/>\n<meta property=\"og:image\" content=\"https:\/\/www.lamhair.be\/shop\/wp-content\/uploads\/2020\/04\/24.jpg\" \/>\n\t<meta property=\"og:image:width\" content=\"690\" \/>\n\t<meta property=\"og:image:height\" content=\"690\" \/>\n\t<meta property=\"og:image:type\" content=\"image\/jpeg\" \/>\n<meta name=\"twitter:card\" content=\"summary_large_image\" \/>\n<script type=\"application\/ld+json\" class=\"yoast-schema-graph\">{\"@context\":\"https:\/\/schema.org\",\"@graph\":[{\"@type\":\"WebPage\",\"@id\":\"https:\/\/www.lamhair.be\/shop\/product\/shampoing-loreal-expert-sensibalance-300ml\/\",\"url\":\"https:\/\/www.lamhair.be\/shop\/product\/shampoing-loreal-expert-sensibalance-300ml\/\",\"name\":\"Shampoing L'Or\u00e9al Expert Sensibalance 300ml - Lamhair - boutique\",\"isPartOf\":{\"@id\":\"https:\/\/www.lamhair.be\/shop\/#website\"},\"datePublished\":\"2020-04-16T20:23:55+00:00\",\"dateModified\":\"2024-06-30T14:57:32+00:00\",\"breadcrumb\":{\"@id\":\"https:\/\/www.lamhair.be\/shop\/product\/shampoing-loreal-expert-sensibalance-300ml\/#breadcrumb\"},\"inLanguage\":\"fr-FR\",\"potentialAction\":[{\"@type\":\"ReadAction\",\"target\":[\"https:\/\/www.lamhair.be\/shop\/product\/shampoing-loreal-expert-sensibalance-300ml\/\"]}]},{\"@type\":\"BreadcrumbList\",\"@id\":\"https:\/\/www.lamhair.be\/shop\/product\/shampoing-loreal-expert-sensibalance-300ml\/#breadcrumb\",\"itemListElement\":[{\"@type\":\"ListItem\",\"position\":1,\"name\":\"Home\",\"item\":\"https:\/\/www.lamhair.be\/shop\/\"},{\"@type\":\"ListItem\",\"position\":2,\"name\":\"La boutique\",\"item\":\"https:\/\/www.lamhair.be\/shop\/shop\/\"},{\"@type\":\"ListItem\",\"position\":3,\"name\":\"Shampoing L&rsquo;Or\u00e9al Expert Sensibalance 300ml\"}]},{\"@type\":\"WebSite\",\"@id\":\"https:\/\/www.lamhair.be\/shop\/#website\",\"url\":\"https:\/\/www.lamhair.be\/shop\/\",\"name\":\"Lamhair - boutique\",\"description\":\"\",\"potentialAction\":[{\"@type\":\"SearchAction\",\"target\":{\"@type\":\"EntryPoint\",\"urlTemplate\":\"https:\/\/www.lamhair.be\/shop\/?s={search_term_string}\"},\"query-input\":\"required name=search_term_string\"}],\"inLanguage\":\"fr-FR\"}]}<\/script>\n<!-- \/ Yoast SEO plugin. -->","yoast_head_json":{"title":"Shampoing L'Or\u00e9al Expert Sensibalance 300ml - Lamhair - boutique","robots":{"index":"index","follow":"follow","max-snippet":"max-snippet:-1","max-image-preview":"max-image-preview:large","max-video-preview":"max-video-preview:-1"},"canonical":"https:\/\/www.lamhair.be\/shop\/product\/shampoing-loreal-expert-sensibalance-300ml\/","og_locale":"fr_FR","og_type":"article","og_title":"Shampoing L'Or\u00e9al Expert Sensibalance 300ml - Lamhair - boutique","og_description":"Shampooing dermo-protecteur apaisant. Apaise le cuir chevelu d\u00e9s la premi\u00e8re utilisation. Id\u00e9al pour les cuir chevelu sensibles et irrit\u00e9s.","og_url":"https:\/\/www.lamhair.be\/shop\/product\/shampoing-loreal-expert-sensibalance-300ml\/","og_site_name":"Lamhair - boutique","article_modified_time":"2024-06-30T14:57:32+00:00","og_image":[{"width":690,"height":690,"url":"https:\/\/www.lamhair.be\/shop\/wp-content\/uploads\/2020\/04\/24.jpg","type":"image\/jpeg"}],"twitter_card":"summary_large_image","schema":{"@context":"https:\/\/schema.org","@graph":[{"@type":"WebPage","@id":"https:\/\/www.lamhair.be\/shop\/product\/shampoing-loreal-expert-sensibalance-300ml\/","url":"https:\/\/www.lamhair.be\/shop\/product\/shampoing-loreal-expert-sensibalance-300ml\/","name":"Shampoing L'Or\u00e9al Expert Sensibalance 300ml - Lamhair - boutique","isPartOf":{"@id":"https:\/\/www.lamhair.be\/shop\/#website"},"datePublished":"2020-04-16T20:23:55+00:00","dateModified":"2024-06-30T14:57:32+00:00","breadcrumb":{"@id":"https:\/\/www.lamhair.be\/shop\/product\/shampoing-loreal-expert-sensibalance-300ml\/#breadcrumb"},"inLanguage":"fr-FR","potentialAction":[{"@type":"ReadAction","target":["https:\/\/www.lamhair.be\/shop\/product\/shampoing-loreal-expert-sensibalance-300ml\/"]}]},{"@type":"BreadcrumbList","@id":"https:\/\/www.lamhair.be\/shop\/product\/shampoing-loreal-expert-sensibalance-300ml\/#breadcrumb","itemListElement":[{"@type":"ListItem","position":1,"name":"Home","item":"https:\/\/www.lamhair.be\/shop\/"},{"@type":"ListItem","position":2,"name":"La boutique","item":"https:\/\/www.lamhair.be\/shop\/shop\/"},{"@type":"ListItem","position":3,"name":"Shampoing L&rsquo;Or\u00e9al Expert Sensibalance 300ml"}]},{"@type":"WebSite","@id":"https:\/\/www.lamhair.be\/shop\/#website","url":"https:\/\/www.lamhair.be\/shop\/","name":"Lamhair - boutique","description":"","potentialAction":[{"@type":"SearchAction","target":{"@type":"EntryPoint","urlTemplate":"https:\/\/www.lamhair.be\/shop\/?s={search_term_string}"},"query-input":"required name=search_term_string"}],"inLanguage":"fr-FR"}]}},"_links":{"self":[{"href":"https:\/\/www.lamhair.be\/shop\/wp-json\/wp\/v2\/product\/9195"}],"collection":[{"href":"https:\/\/www.lamhair.be\/shop\/wp-json\/wp\/v2\/product"}],"about":[{"href":"https:\/\/www.lamhair.be\/shop\/wp-json\/wp\/v2\/types\/product"}],"replies":[{"embeddable":true,"href":"https:\/\/www.lamhair.be\/shop\/wp-json\/wp\/v2\/comments?post=9195"}],"wp:featuredmedia":[{"embeddable":true,"href":"https:\/\/www.lamhair.be\/shop\/wp-json\/wp\/v2\/media\/9317"}],"wp:attachment":[{"href":"https:\/\/www.lamhair.be\/shop\/wp-json\/wp\/v2\/media?parent=9195"}],"wp:term":[{"taxonomy":"product_cat","embeddable":true,"href":"https:\/\/www.lamhair.be\/shop\/wp-json\/wp\/v2\/product_cat?post=9195"},{"taxonomy":"product_tag","embeddable":true,"href":"https:\/\/www.lamhair.be\/shop\/wp-json\/wp\/v2\/product_tag?post=9195"}],"curies":[{"name":"wp","href":"https:\/\/api.w.org\/{rel}","templated":true}]}}