{"id":9214,"date":"2020-04-16T22:58:20","date_gmt":"2020-04-16T20:58:20","guid":{"rendered":"https:\/\/www.lamhair.be\/shop\/?post_type=product&#038;p=9214"},"modified":"2020-04-17T12:16:13","modified_gmt":"2020-04-17T10:16:13","slug":"shampoing-uniq-one-300ml","status":"publish","type":"product","link":"https:\/\/www.lamhair.be\/shop\/product\/shampoing-uniq-one-300ml\/","title":{"rendered":"Shampoing Uniq One Revlon 300ml"},"content":{"rendered":"","protected":false},"excerpt":{"rendered":"<p>Shampoing Conditioner Uniq One.<br \/>\nIl lave et adoucit les cheveux en leur apportant douceur, brillance, discipline les frisottis, etc..<br \/>\nSa formule sans sulfate lui donne un l\u00e9ger pouvoir moussant et lui permet une utilisation quotidienne.<br \/>\nId\u00e9al pour les shampoings fr\u00e9quents.<\/p>\n","protected":false},"featured_media":9321,"comment_status":"open","ping_status":"closed","template":"","meta":[],"product_cat":[15],"product_tag":[],"yoast_head":"<!-- This site is optimized with the Yoast SEO plugin v19.5.1 - https:\/\/yoast.com\/wordpress\/plugins\/seo\/ -->\n<title>Shampoing Uniq One Revlon 300ml - Lamhair - boutique<\/title>\n<meta name=\"robots\" content=\"index, follow, max-snippet:-1, max-image-preview:large, max-video-preview:-1\" \/>\n<link rel=\"canonical\" href=\"https:\/\/www.lamhair.be\/shop\/product\/shampoing-uniq-one-300ml\/\" \/>\n<meta property=\"og:locale\" content=\"fr_FR\" \/>\n<meta property=\"og:type\" content=\"article\" \/>\n<meta property=\"og:title\" content=\"Shampoing Uniq One Revlon 300ml - Lamhair - boutique\" \/>\n<meta property=\"og:description\" content=\"Shampoing Conditioner Uniq One. Il lave et adoucit les cheveux en leur apportant douceur, brillance, discipline les frisottis, etc.. Sa formule sans sulfate lui donne un l\u00e9ger pouvoir moussant et lui permet une utilisation quotidienne. Id\u00e9al pour les shampoings fr\u00e9quents.\" \/>\n<meta property=\"og:url\" content=\"https:\/\/www.lamhair.be\/shop\/product\/shampoing-uniq-one-300ml\/\" \/>\n<meta property=\"og:site_name\" content=\"Lamhair - boutique\" \/>\n<meta property=\"article:modified_time\" content=\"2020-04-17T10:16:13+00:00\" \/>\n<meta property=\"og:image\" content=\"https:\/\/www.lamhair.be\/shop\/wp-content\/uploads\/2020\/04\/18.jpg\" \/>\n\t<meta property=\"og:image:width\" content=\"690\" \/>\n\t<meta property=\"og:image:height\" content=\"690\" \/>\n\t<meta property=\"og:image:type\" content=\"image\/jpeg\" \/>\n<meta name=\"twitter:card\" content=\"summary_large_image\" \/>\n<script type=\"application\/ld+json\" class=\"yoast-schema-graph\">{\"@context\":\"https:\/\/schema.org\",\"@graph\":[{\"@type\":\"WebPage\",\"@id\":\"https:\/\/www.lamhair.be\/shop\/product\/shampoing-uniq-one-300ml\/\",\"url\":\"https:\/\/www.lamhair.be\/shop\/product\/shampoing-uniq-one-300ml\/\",\"name\":\"Shampoing Uniq One Revlon 300ml - Lamhair - boutique\",\"isPartOf\":{\"@id\":\"https:\/\/www.lamhair.be\/shop\/#website\"},\"datePublished\":\"2020-04-16T20:58:20+00:00\",\"dateModified\":\"2020-04-17T10:16:13+00:00\",\"breadcrumb\":{\"@id\":\"https:\/\/www.lamhair.be\/shop\/product\/shampoing-uniq-one-300ml\/#breadcrumb\"},\"inLanguage\":\"fr-FR\",\"potentialAction\":[{\"@type\":\"ReadAction\",\"target\":[\"https:\/\/www.lamhair.be\/shop\/product\/shampoing-uniq-one-300ml\/\"]}]},{\"@type\":\"BreadcrumbList\",\"@id\":\"https:\/\/www.lamhair.be\/shop\/product\/shampoing-uniq-one-300ml\/#breadcrumb\",\"itemListElement\":[{\"@type\":\"ListItem\",\"position\":1,\"name\":\"Home\",\"item\":\"https:\/\/www.lamhair.be\/shop\/\"},{\"@type\":\"ListItem\",\"position\":2,\"name\":\"La boutique\",\"item\":\"https:\/\/www.lamhair.be\/shop\/shop\/\"},{\"@type\":\"ListItem\",\"position\":3,\"name\":\"Shampoing Uniq One Revlon 300ml\"}]},{\"@type\":\"WebSite\",\"@id\":\"https:\/\/www.lamhair.be\/shop\/#website\",\"url\":\"https:\/\/www.lamhair.be\/shop\/\",\"name\":\"Lamhair - boutique\",\"description\":\"\",\"potentialAction\":[{\"@type\":\"SearchAction\",\"target\":{\"@type\":\"EntryPoint\",\"urlTemplate\":\"https:\/\/www.lamhair.be\/shop\/?s={search_term_string}\"},\"query-input\":\"required name=search_term_string\"}],\"inLanguage\":\"fr-FR\"}]}<\/script>\n<!-- \/ Yoast SEO plugin. -->","yoast_head_json":{"title":"Shampoing Uniq One Revlon 300ml - Lamhair - boutique","robots":{"index":"index","follow":"follow","max-snippet":"max-snippet:-1","max-image-preview":"max-image-preview:large","max-video-preview":"max-video-preview:-1"},"canonical":"https:\/\/www.lamhair.be\/shop\/product\/shampoing-uniq-one-300ml\/","og_locale":"fr_FR","og_type":"article","og_title":"Shampoing Uniq One Revlon 300ml - Lamhair - boutique","og_description":"Shampoing Conditioner Uniq One. Il lave et adoucit les cheveux en leur apportant douceur, brillance, discipline les frisottis, etc.. Sa formule sans sulfate lui donne un l\u00e9ger pouvoir moussant et lui permet une utilisation quotidienne. Id\u00e9al pour les shampoings fr\u00e9quents.","og_url":"https:\/\/www.lamhair.be\/shop\/product\/shampoing-uniq-one-300ml\/","og_site_name":"Lamhair - boutique","article_modified_time":"2020-04-17T10:16:13+00:00","og_image":[{"width":690,"height":690,"url":"https:\/\/www.lamhair.be\/shop\/wp-content\/uploads\/2020\/04\/18.jpg","type":"image\/jpeg"}],"twitter_card":"summary_large_image","schema":{"@context":"https:\/\/schema.org","@graph":[{"@type":"WebPage","@id":"https:\/\/www.lamhair.be\/shop\/product\/shampoing-uniq-one-300ml\/","url":"https:\/\/www.lamhair.be\/shop\/product\/shampoing-uniq-one-300ml\/","name":"Shampoing Uniq One Revlon 300ml - Lamhair - boutique","isPartOf":{"@id":"https:\/\/www.lamhair.be\/shop\/#website"},"datePublished":"2020-04-16T20:58:20+00:00","dateModified":"2020-04-17T10:16:13+00:00","breadcrumb":{"@id":"https:\/\/www.lamhair.be\/shop\/product\/shampoing-uniq-one-300ml\/#breadcrumb"},"inLanguage":"fr-FR","potentialAction":[{"@type":"ReadAction","target":["https:\/\/www.lamhair.be\/shop\/product\/shampoing-uniq-one-300ml\/"]}]},{"@type":"BreadcrumbList","@id":"https:\/\/www.lamhair.be\/shop\/product\/shampoing-uniq-one-300ml\/#breadcrumb","itemListElement":[{"@type":"ListItem","position":1,"name":"Home","item":"https:\/\/www.lamhair.be\/shop\/"},{"@type":"ListItem","position":2,"name":"La boutique","item":"https:\/\/www.lamhair.be\/shop\/shop\/"},{"@type":"ListItem","position":3,"name":"Shampoing Uniq One Revlon 300ml"}]},{"@type":"WebSite","@id":"https:\/\/www.lamhair.be\/shop\/#website","url":"https:\/\/www.lamhair.be\/shop\/","name":"Lamhair - boutique","description":"","potentialAction":[{"@type":"SearchAction","target":{"@type":"EntryPoint","urlTemplate":"https:\/\/www.lamhair.be\/shop\/?s={search_term_string}"},"query-input":"required name=search_term_string"}],"inLanguage":"fr-FR"}]}},"_links":{"self":[{"href":"https:\/\/www.lamhair.be\/shop\/wp-json\/wp\/v2\/product\/9214"}],"collection":[{"href":"https:\/\/www.lamhair.be\/shop\/wp-json\/wp\/v2\/product"}],"about":[{"href":"https:\/\/www.lamhair.be\/shop\/wp-json\/wp\/v2\/types\/product"}],"replies":[{"embeddable":true,"href":"https:\/\/www.lamhair.be\/shop\/wp-json\/wp\/v2\/comments?post=9214"}],"wp:featuredmedia":[{"embeddable":true,"href":"https:\/\/www.lamhair.be\/shop\/wp-json\/wp\/v2\/media\/9321"}],"wp:attachment":[{"href":"https:\/\/www.lamhair.be\/shop\/wp-json\/wp\/v2\/media?parent=9214"}],"wp:term":[{"taxonomy":"product_cat","embeddable":true,"href":"https:\/\/www.lamhair.be\/shop\/wp-json\/wp\/v2\/product_cat?post=9214"},{"taxonomy":"product_tag","embeddable":true,"href":"https:\/\/www.lamhair.be\/shop\/wp-json\/wp\/v2\/product_tag?post=9214"}],"curies":[{"name":"wp","href":"https:\/\/api.w.org\/{rel}","templated":true}]}}