{"id":9242,"date":"2020-04-17T00:04:51","date_gmt":"2020-04-16T22:04:51","guid":{"rendered":"https:\/\/www.lamhair.be\/shop\/?post_type=product&#038;p=9242"},"modified":"2024-06-18T08:43:06","modified_gmt":"2024-06-18T06:43:06","slug":"soin-loreal-profiber-restore-200ml","status":"publish","type":"product","link":"https:\/\/www.lamhair.be\/shop\/product\/soin-loreal-profiber-restore-200ml\/","title":{"rendered":"Soin L\u2019Or\u00e9al Profiber Restore 200ml"},"content":{"rendered":"","protected":false},"excerpt":{"rendered":"<p>Soin, restructurant longue dur\u00e9e, \u00e0 rincer.<br \/>\nIl r\u00e9pare la fibre avec une sensation de douceur et une brillance impressionnante.<br \/>\nId\u00e9al pour cheveux color\u00e9s et moyennement sensibilis\u00e9s.<\/p>\n","protected":false},"featured_media":9335,"comment_status":"open","ping_status":"closed","template":"","meta":[],"product_cat":[21],"product_tag":[],"yoast_head":"<!-- This site is optimized with the Yoast SEO plugin v19.5.1 - https:\/\/yoast.com\/wordpress\/plugins\/seo\/ -->\n<title>Soin L\u2019Or\u00e9al Profiber Restore 200ml - Lamhair - boutique<\/title>\n<meta name=\"robots\" content=\"index, follow, max-snippet:-1, max-image-preview:large, max-video-preview:-1\" \/>\n<link rel=\"canonical\" href=\"https:\/\/www.lamhair.be\/shop\/product\/soin-loreal-profiber-restore-200ml\/\" \/>\n<meta property=\"og:locale\" content=\"fr_FR\" \/>\n<meta property=\"og:type\" content=\"article\" \/>\n<meta property=\"og:title\" content=\"Soin L\u2019Or\u00e9al Profiber Restore 200ml - Lamhair - boutique\" \/>\n<meta property=\"og:description\" content=\"Soin, restructurant longue dur\u00e9e, \u00e0 rincer. Il r\u00e9pare la fibre avec une sensation de douceur et une brillance impressionnante. Id\u00e9al pour cheveux color\u00e9s et moyennement sensibilis\u00e9s.\" \/>\n<meta property=\"og:url\" content=\"https:\/\/www.lamhair.be\/shop\/product\/soin-loreal-profiber-restore-200ml\/\" \/>\n<meta property=\"og:site_name\" content=\"Lamhair - boutique\" \/>\n<meta property=\"article:modified_time\" content=\"2024-06-18T06:43:06+00:00\" \/>\n<meta property=\"og:image\" content=\"https:\/\/www.lamhair.be\/shop\/wp-content\/uploads\/2020\/04\/27-1.jpg\" \/>\n\t<meta property=\"og:image:width\" content=\"690\" \/>\n\t<meta property=\"og:image:height\" content=\"690\" \/>\n\t<meta property=\"og:image:type\" content=\"image\/jpeg\" \/>\n<meta name=\"twitter:card\" content=\"summary_large_image\" \/>\n<script type=\"application\/ld+json\" class=\"yoast-schema-graph\">{\"@context\":\"https:\/\/schema.org\",\"@graph\":[{\"@type\":\"WebPage\",\"@id\":\"https:\/\/www.lamhair.be\/shop\/product\/soin-loreal-profiber-restore-200ml\/\",\"url\":\"https:\/\/www.lamhair.be\/shop\/product\/soin-loreal-profiber-restore-200ml\/\",\"name\":\"Soin L\u2019Or\u00e9al Profiber Restore 200ml - Lamhair - boutique\",\"isPartOf\":{\"@id\":\"https:\/\/www.lamhair.be\/shop\/#website\"},\"datePublished\":\"2020-04-16T22:04:51+00:00\",\"dateModified\":\"2024-06-18T06:43:06+00:00\",\"breadcrumb\":{\"@id\":\"https:\/\/www.lamhair.be\/shop\/product\/soin-loreal-profiber-restore-200ml\/#breadcrumb\"},\"inLanguage\":\"fr-FR\",\"potentialAction\":[{\"@type\":\"ReadAction\",\"target\":[\"https:\/\/www.lamhair.be\/shop\/product\/soin-loreal-profiber-restore-200ml\/\"]}]},{\"@type\":\"BreadcrumbList\",\"@id\":\"https:\/\/www.lamhair.be\/shop\/product\/soin-loreal-profiber-restore-200ml\/#breadcrumb\",\"itemListElement\":[{\"@type\":\"ListItem\",\"position\":1,\"name\":\"Home\",\"item\":\"https:\/\/www.lamhair.be\/shop\/\"},{\"@type\":\"ListItem\",\"position\":2,\"name\":\"La boutique\",\"item\":\"https:\/\/www.lamhair.be\/shop\/shop\/\"},{\"@type\":\"ListItem\",\"position\":3,\"name\":\"Soin L\u2019Or\u00e9al Profiber Restore 200ml\"}]},{\"@type\":\"WebSite\",\"@id\":\"https:\/\/www.lamhair.be\/shop\/#website\",\"url\":\"https:\/\/www.lamhair.be\/shop\/\",\"name\":\"Lamhair - boutique\",\"description\":\"\",\"potentialAction\":[{\"@type\":\"SearchAction\",\"target\":{\"@type\":\"EntryPoint\",\"urlTemplate\":\"https:\/\/www.lamhair.be\/shop\/?s={search_term_string}\"},\"query-input\":\"required name=search_term_string\"}],\"inLanguage\":\"fr-FR\"}]}<\/script>\n<!-- \/ Yoast SEO plugin. -->","yoast_head_json":{"title":"Soin L\u2019Or\u00e9al Profiber Restore 200ml - Lamhair - boutique","robots":{"index":"index","follow":"follow","max-snippet":"max-snippet:-1","max-image-preview":"max-image-preview:large","max-video-preview":"max-video-preview:-1"},"canonical":"https:\/\/www.lamhair.be\/shop\/product\/soin-loreal-profiber-restore-200ml\/","og_locale":"fr_FR","og_type":"article","og_title":"Soin L\u2019Or\u00e9al Profiber Restore 200ml - Lamhair - boutique","og_description":"Soin, restructurant longue dur\u00e9e, \u00e0 rincer. Il r\u00e9pare la fibre avec une sensation de douceur et une brillance impressionnante. Id\u00e9al pour cheveux color\u00e9s et moyennement sensibilis\u00e9s.","og_url":"https:\/\/www.lamhair.be\/shop\/product\/soin-loreal-profiber-restore-200ml\/","og_site_name":"Lamhair - boutique","article_modified_time":"2024-06-18T06:43:06+00:00","og_image":[{"width":690,"height":690,"url":"https:\/\/www.lamhair.be\/shop\/wp-content\/uploads\/2020\/04\/27-1.jpg","type":"image\/jpeg"}],"twitter_card":"summary_large_image","schema":{"@context":"https:\/\/schema.org","@graph":[{"@type":"WebPage","@id":"https:\/\/www.lamhair.be\/shop\/product\/soin-loreal-profiber-restore-200ml\/","url":"https:\/\/www.lamhair.be\/shop\/product\/soin-loreal-profiber-restore-200ml\/","name":"Soin L\u2019Or\u00e9al Profiber Restore 200ml - Lamhair - boutique","isPartOf":{"@id":"https:\/\/www.lamhair.be\/shop\/#website"},"datePublished":"2020-04-16T22:04:51+00:00","dateModified":"2024-06-18T06:43:06+00:00","breadcrumb":{"@id":"https:\/\/www.lamhair.be\/shop\/product\/soin-loreal-profiber-restore-200ml\/#breadcrumb"},"inLanguage":"fr-FR","potentialAction":[{"@type":"ReadAction","target":["https:\/\/www.lamhair.be\/shop\/product\/soin-loreal-profiber-restore-200ml\/"]}]},{"@type":"BreadcrumbList","@id":"https:\/\/www.lamhair.be\/shop\/product\/soin-loreal-profiber-restore-200ml\/#breadcrumb","itemListElement":[{"@type":"ListItem","position":1,"name":"Home","item":"https:\/\/www.lamhair.be\/shop\/"},{"@type":"ListItem","position":2,"name":"La boutique","item":"https:\/\/www.lamhair.be\/shop\/shop\/"},{"@type":"ListItem","position":3,"name":"Soin L\u2019Or\u00e9al Profiber Restore 200ml"}]},{"@type":"WebSite","@id":"https:\/\/www.lamhair.be\/shop\/#website","url":"https:\/\/www.lamhair.be\/shop\/","name":"Lamhair - boutique","description":"","potentialAction":[{"@type":"SearchAction","target":{"@type":"EntryPoint","urlTemplate":"https:\/\/www.lamhair.be\/shop\/?s={search_term_string}"},"query-input":"required name=search_term_string"}],"inLanguage":"fr-FR"}]}},"_links":{"self":[{"href":"https:\/\/www.lamhair.be\/shop\/wp-json\/wp\/v2\/product\/9242"}],"collection":[{"href":"https:\/\/www.lamhair.be\/shop\/wp-json\/wp\/v2\/product"}],"about":[{"href":"https:\/\/www.lamhair.be\/shop\/wp-json\/wp\/v2\/types\/product"}],"replies":[{"embeddable":true,"href":"https:\/\/www.lamhair.be\/shop\/wp-json\/wp\/v2\/comments?post=9242"}],"wp:featuredmedia":[{"embeddable":true,"href":"https:\/\/www.lamhair.be\/shop\/wp-json\/wp\/v2\/media\/9335"}],"wp:attachment":[{"href":"https:\/\/www.lamhair.be\/shop\/wp-json\/wp\/v2\/media?parent=9242"}],"wp:term":[{"taxonomy":"product_cat","embeddable":true,"href":"https:\/\/www.lamhair.be\/shop\/wp-json\/wp\/v2\/product_cat?post=9242"},{"taxonomy":"product_tag","embeddable":true,"href":"https:\/\/www.lamhair.be\/shop\/wp-json\/wp\/v2\/product_tag?post=9242"}],"curies":[{"name":"wp","href":"https:\/\/api.w.org\/{rel}","templated":true}]}}