{"id":9260,"date":"2020-04-17T00:59:04","date_gmt":"2020-04-16T22:59:04","guid":{"rendered":"https:\/\/www.lamhair.be\/shop\/?post_type=product&#038;p=9260"},"modified":"2024-07-01T21:17:03","modified_gmt":"2024-07-01T19:17:03","slug":"soin-uniq-one-revlon-sans-rincage-150ml-3","status":"publish","type":"product","link":"https:\/\/www.lamhair.be\/shop\/product\/soin-uniq-one-revlon-sans-rincage-150ml-3\/","title":{"rendered":"Soin Uniq One Revlon sans rin\u00e7age 150ml"},"content":{"rendered":"","protected":false},"excerpt":{"rendered":"<p>Soin Uniq One Revlon, parfum fleur de lotus, sans rin\u00e7age.<br \/>\nsous forme de spray, il a 10 bienfaits r\u00e9els:<br \/>\nR\u00e9pare les cheveux secs et ab\u00eem\u00e9s.<br \/>\nDiscipline et \u00e9limine les frisottis.<br \/>\nProt\u00e8ge de la chaleur.<br \/>\nAssouplit et adoucit.<br \/>\nProt\u00e8ge les cheveux color\u00e9s avec des filtres UVA\/UVB.<br \/>\nFacilite le s\u00e9chage et le lissage.<br \/>\nD\u00e9m\u00eale efficacement.<br \/>\nProlonge le coiffage.<br \/>\n\u00c9vite les fourches.<br \/>\nTexturise.<br \/>\nId\u00e9al pour tous types de cheveux.<\/p>\n","protected":false},"featured_media":9367,"comment_status":"open","ping_status":"closed","template":"","meta":[],"product_cat":[21],"product_tag":[],"yoast_head":"<!-- This site is optimized with the Yoast SEO plugin v19.5.1 - https:\/\/yoast.com\/wordpress\/plugins\/seo\/ -->\n<title>Soin Uniq One Revlon sans rin\u00e7age 150ml - Lamhair - boutique<\/title>\n<meta name=\"robots\" content=\"index, follow, max-snippet:-1, max-image-preview:large, max-video-preview:-1\" \/>\n<link rel=\"canonical\" href=\"https:\/\/www.lamhair.be\/shop\/product\/soin-uniq-one-revlon-sans-rincage-150ml-3\/\" \/>\n<meta property=\"og:locale\" content=\"fr_FR\" \/>\n<meta property=\"og:type\" content=\"article\" \/>\n<meta property=\"og:title\" content=\"Soin Uniq One Revlon sans rin\u00e7age 150ml - Lamhair - boutique\" \/>\n<meta property=\"og:description\" content=\"Soin Uniq One Revlon, parfum fleur de lotus, sans rin\u00e7age. sous forme de spray, il a 10 bienfaits r\u00e9els: R\u00e9pare les cheveux secs et ab\u00eem\u00e9s. Discipline et \u00e9limine les frisottis. Prot\u00e8ge de la chaleur. Assouplit et adoucit. Prot\u00e8ge les cheveux color\u00e9s avec des filtres UVA\/UVB. Facilite le s\u00e9chage et le lissage. D\u00e9m\u00eale efficacement. Prolonge le coiffage. \u00c9vite les fourches. Texturise. Id\u00e9al pour tous types de cheveux.\" \/>\n<meta property=\"og:url\" content=\"https:\/\/www.lamhair.be\/shop\/product\/soin-uniq-one-revlon-sans-rincage-150ml-3\/\" \/>\n<meta property=\"og:site_name\" content=\"Lamhair - boutique\" \/>\n<meta property=\"article:modified_time\" content=\"2024-07-01T19:17:03+00:00\" \/>\n<meta property=\"og:image\" content=\"https:\/\/www.lamhair.be\/shop\/wp-content\/uploads\/2020\/04\/60.jpg\" \/>\n\t<meta property=\"og:image:width\" content=\"690\" \/>\n\t<meta property=\"og:image:height\" content=\"690\" \/>\n\t<meta property=\"og:image:type\" content=\"image\/jpeg\" \/>\n<meta name=\"twitter:card\" content=\"summary_large_image\" \/>\n<script type=\"application\/ld+json\" class=\"yoast-schema-graph\">{\"@context\":\"https:\/\/schema.org\",\"@graph\":[{\"@type\":\"WebPage\",\"@id\":\"https:\/\/www.lamhair.be\/shop\/product\/soin-uniq-one-revlon-sans-rincage-150ml-3\/\",\"url\":\"https:\/\/www.lamhair.be\/shop\/product\/soin-uniq-one-revlon-sans-rincage-150ml-3\/\",\"name\":\"Soin Uniq One Revlon sans rin\u00e7age 150ml - Lamhair - boutique\",\"isPartOf\":{\"@id\":\"https:\/\/www.lamhair.be\/shop\/#website\"},\"datePublished\":\"2020-04-16T22:59:04+00:00\",\"dateModified\":\"2024-07-01T19:17:03+00:00\",\"breadcrumb\":{\"@id\":\"https:\/\/www.lamhair.be\/shop\/product\/soin-uniq-one-revlon-sans-rincage-150ml-3\/#breadcrumb\"},\"inLanguage\":\"fr-FR\",\"potentialAction\":[{\"@type\":\"ReadAction\",\"target\":[\"https:\/\/www.lamhair.be\/shop\/product\/soin-uniq-one-revlon-sans-rincage-150ml-3\/\"]}]},{\"@type\":\"BreadcrumbList\",\"@id\":\"https:\/\/www.lamhair.be\/shop\/product\/soin-uniq-one-revlon-sans-rincage-150ml-3\/#breadcrumb\",\"itemListElement\":[{\"@type\":\"ListItem\",\"position\":1,\"name\":\"Home\",\"item\":\"https:\/\/www.lamhair.be\/shop\/\"},{\"@type\":\"ListItem\",\"position\":2,\"name\":\"La boutique\",\"item\":\"https:\/\/www.lamhair.be\/shop\/shop\/\"},{\"@type\":\"ListItem\",\"position\":3,\"name\":\"Soin Uniq One Revlon sans rin\u00e7age 150ml\"}]},{\"@type\":\"WebSite\",\"@id\":\"https:\/\/www.lamhair.be\/shop\/#website\",\"url\":\"https:\/\/www.lamhair.be\/shop\/\",\"name\":\"Lamhair - boutique\",\"description\":\"\",\"potentialAction\":[{\"@type\":\"SearchAction\",\"target\":{\"@type\":\"EntryPoint\",\"urlTemplate\":\"https:\/\/www.lamhair.be\/shop\/?s={search_term_string}\"},\"query-input\":\"required name=search_term_string\"}],\"inLanguage\":\"fr-FR\"}]}<\/script>\n<!-- \/ Yoast SEO plugin. -->","yoast_head_json":{"title":"Soin Uniq One Revlon sans rin\u00e7age 150ml - Lamhair - boutique","robots":{"index":"index","follow":"follow","max-snippet":"max-snippet:-1","max-image-preview":"max-image-preview:large","max-video-preview":"max-video-preview:-1"},"canonical":"https:\/\/www.lamhair.be\/shop\/product\/soin-uniq-one-revlon-sans-rincage-150ml-3\/","og_locale":"fr_FR","og_type":"article","og_title":"Soin Uniq One Revlon sans rin\u00e7age 150ml - Lamhair - boutique","og_description":"Soin Uniq One Revlon, parfum fleur de lotus, sans rin\u00e7age. sous forme de spray, il a 10 bienfaits r\u00e9els: R\u00e9pare les cheveux secs et ab\u00eem\u00e9s. Discipline et \u00e9limine les frisottis. Prot\u00e8ge de la chaleur. Assouplit et adoucit. Prot\u00e8ge les cheveux color\u00e9s avec des filtres UVA\/UVB. Facilite le s\u00e9chage et le lissage. D\u00e9m\u00eale efficacement. Prolonge le coiffage. \u00c9vite les fourches. Texturise. Id\u00e9al pour tous types de cheveux.","og_url":"https:\/\/www.lamhair.be\/shop\/product\/soin-uniq-one-revlon-sans-rincage-150ml-3\/","og_site_name":"Lamhair - boutique","article_modified_time":"2024-07-01T19:17:03+00:00","og_image":[{"width":690,"height":690,"url":"https:\/\/www.lamhair.be\/shop\/wp-content\/uploads\/2020\/04\/60.jpg","type":"image\/jpeg"}],"twitter_card":"summary_large_image","schema":{"@context":"https:\/\/schema.org","@graph":[{"@type":"WebPage","@id":"https:\/\/www.lamhair.be\/shop\/product\/soin-uniq-one-revlon-sans-rincage-150ml-3\/","url":"https:\/\/www.lamhair.be\/shop\/product\/soin-uniq-one-revlon-sans-rincage-150ml-3\/","name":"Soin Uniq One Revlon sans rin\u00e7age 150ml - Lamhair - boutique","isPartOf":{"@id":"https:\/\/www.lamhair.be\/shop\/#website"},"datePublished":"2020-04-16T22:59:04+00:00","dateModified":"2024-07-01T19:17:03+00:00","breadcrumb":{"@id":"https:\/\/www.lamhair.be\/shop\/product\/soin-uniq-one-revlon-sans-rincage-150ml-3\/#breadcrumb"},"inLanguage":"fr-FR","potentialAction":[{"@type":"ReadAction","target":["https:\/\/www.lamhair.be\/shop\/product\/soin-uniq-one-revlon-sans-rincage-150ml-3\/"]}]},{"@type":"BreadcrumbList","@id":"https:\/\/www.lamhair.be\/shop\/product\/soin-uniq-one-revlon-sans-rincage-150ml-3\/#breadcrumb","itemListElement":[{"@type":"ListItem","position":1,"name":"Home","item":"https:\/\/www.lamhair.be\/shop\/"},{"@type":"ListItem","position":2,"name":"La boutique","item":"https:\/\/www.lamhair.be\/shop\/shop\/"},{"@type":"ListItem","position":3,"name":"Soin Uniq One Revlon sans rin\u00e7age 150ml"}]},{"@type":"WebSite","@id":"https:\/\/www.lamhair.be\/shop\/#website","url":"https:\/\/www.lamhair.be\/shop\/","name":"Lamhair - boutique","description":"","potentialAction":[{"@type":"SearchAction","target":{"@type":"EntryPoint","urlTemplate":"https:\/\/www.lamhair.be\/shop\/?s={search_term_string}"},"query-input":"required name=search_term_string"}],"inLanguage":"fr-FR"}]}},"_links":{"self":[{"href":"https:\/\/www.lamhair.be\/shop\/wp-json\/wp\/v2\/product\/9260"}],"collection":[{"href":"https:\/\/www.lamhair.be\/shop\/wp-json\/wp\/v2\/product"}],"about":[{"href":"https:\/\/www.lamhair.be\/shop\/wp-json\/wp\/v2\/types\/product"}],"replies":[{"embeddable":true,"href":"https:\/\/www.lamhair.be\/shop\/wp-json\/wp\/v2\/comments?post=9260"}],"wp:featuredmedia":[{"embeddable":true,"href":"https:\/\/www.lamhair.be\/shop\/wp-json\/wp\/v2\/media\/9367"}],"wp:attachment":[{"href":"https:\/\/www.lamhair.be\/shop\/wp-json\/wp\/v2\/media?parent=9260"}],"wp:term":[{"taxonomy":"product_cat","embeddable":true,"href":"https:\/\/www.lamhair.be\/shop\/wp-json\/wp\/v2\/product_cat?post=9260"},{"taxonomy":"product_tag","embeddable":true,"href":"https:\/\/www.lamhair.be\/shop\/wp-json\/wp\/v2\/product_tag?post=9260"}],"curies":[{"name":"wp","href":"https:\/\/api.w.org\/{rel}","templated":true}]}}