{"id":9263,"date":"2020-04-17T01:10:39","date_gmt":"2020-04-16T23:10:39","guid":{"rendered":"https:\/\/www.lamhair.be\/shop\/?post_type=product&#038;p=9263"},"modified":"2020-04-17T12:44:53","modified_gmt":"2020-04-17T10:44:53","slug":"color-brillance-wella-professionals-spray-bb-miracle-150ml","status":"publish","type":"product","link":"https:\/\/www.lamhair.be\/shop\/product\/color-brillance-wella-professionals-spray-bb-miracle-150ml\/","title":{"rendered":"Color Brilliance Wella Professionals Spray BB Miracle 150ml"},"content":{"rendered":"","protected":false},"excerpt":{"rendered":"<p>Spray BB Miracle, sans rin\u00e7age.<br \/>\nApporte de l&rsquo;\u00e9clat \u00e0 la couleur, d\u00e9m\u00eale et lisse la surface des cheveux, technologie anti-oxydante.<br \/>\nId\u00e9al pour cheveux color\u00e9s.<\/p>\n","protected":false},"featured_media":9360,"comment_status":"open","ping_status":"closed","template":"","meta":[],"product_cat":[21],"product_tag":[],"yoast_head":"<!-- This site is optimized with the Yoast SEO plugin v19.5.1 - https:\/\/yoast.com\/wordpress\/plugins\/seo\/ -->\n<title>Color Brilliance Wella Professionals Spray BB Miracle 150ml - Lamhair - boutique<\/title>\n<meta name=\"robots\" content=\"index, follow, max-snippet:-1, max-image-preview:large, max-video-preview:-1\" \/>\n<link rel=\"canonical\" href=\"https:\/\/www.lamhair.be\/shop\/product\/color-brillance-wella-professionals-spray-bb-miracle-150ml\/\" \/>\n<meta property=\"og:locale\" content=\"fr_FR\" \/>\n<meta property=\"og:type\" content=\"article\" \/>\n<meta property=\"og:title\" content=\"Color Brilliance Wella Professionals Spray BB Miracle 150ml - Lamhair - boutique\" \/>\n<meta property=\"og:description\" content=\"Spray BB Miracle, sans rin\u00e7age. Apporte de l&#039;\u00e9clat \u00e0 la couleur, d\u00e9m\u00eale et lisse la surface des cheveux, technologie anti-oxydante. Id\u00e9al pour cheveux color\u00e9s.\" \/>\n<meta property=\"og:url\" content=\"https:\/\/www.lamhair.be\/shop\/product\/color-brillance-wella-professionals-spray-bb-miracle-150ml\/\" \/>\n<meta property=\"og:site_name\" content=\"Lamhair - boutique\" \/>\n<meta property=\"article:modified_time\" content=\"2020-04-17T10:44:53+00:00\" \/>\n<meta property=\"og:image\" content=\"https:\/\/www.lamhair.be\/shop\/wp-content\/uploads\/2020\/04\/53.jpg\" \/>\n\t<meta property=\"og:image:width\" content=\"690\" \/>\n\t<meta property=\"og:image:height\" content=\"690\" \/>\n\t<meta property=\"og:image:type\" content=\"image\/jpeg\" \/>\n<meta name=\"twitter:card\" content=\"summary_large_image\" \/>\n<script type=\"application\/ld+json\" class=\"yoast-schema-graph\">{\"@context\":\"https:\/\/schema.org\",\"@graph\":[{\"@type\":\"WebPage\",\"@id\":\"https:\/\/www.lamhair.be\/shop\/product\/color-brillance-wella-professionals-spray-bb-miracle-150ml\/\",\"url\":\"https:\/\/www.lamhair.be\/shop\/product\/color-brillance-wella-professionals-spray-bb-miracle-150ml\/\",\"name\":\"Color Brilliance Wella Professionals Spray BB Miracle 150ml - Lamhair - boutique\",\"isPartOf\":{\"@id\":\"https:\/\/www.lamhair.be\/shop\/#website\"},\"datePublished\":\"2020-04-16T23:10:39+00:00\",\"dateModified\":\"2020-04-17T10:44:53+00:00\",\"breadcrumb\":{\"@id\":\"https:\/\/www.lamhair.be\/shop\/product\/color-brillance-wella-professionals-spray-bb-miracle-150ml\/#breadcrumb\"},\"inLanguage\":\"fr-FR\",\"potentialAction\":[{\"@type\":\"ReadAction\",\"target\":[\"https:\/\/www.lamhair.be\/shop\/product\/color-brillance-wella-professionals-spray-bb-miracle-150ml\/\"]}]},{\"@type\":\"BreadcrumbList\",\"@id\":\"https:\/\/www.lamhair.be\/shop\/product\/color-brillance-wella-professionals-spray-bb-miracle-150ml\/#breadcrumb\",\"itemListElement\":[{\"@type\":\"ListItem\",\"position\":1,\"name\":\"Home\",\"item\":\"https:\/\/www.lamhair.be\/shop\/\"},{\"@type\":\"ListItem\",\"position\":2,\"name\":\"La boutique\",\"item\":\"https:\/\/www.lamhair.be\/shop\/shop\/\"},{\"@type\":\"ListItem\",\"position\":3,\"name\":\"Color Brilliance Wella Professionals Spray BB Miracle 150ml\"}]},{\"@type\":\"WebSite\",\"@id\":\"https:\/\/www.lamhair.be\/shop\/#website\",\"url\":\"https:\/\/www.lamhair.be\/shop\/\",\"name\":\"Lamhair - boutique\",\"description\":\"\",\"potentialAction\":[{\"@type\":\"SearchAction\",\"target\":{\"@type\":\"EntryPoint\",\"urlTemplate\":\"https:\/\/www.lamhair.be\/shop\/?s={search_term_string}\"},\"query-input\":\"required name=search_term_string\"}],\"inLanguage\":\"fr-FR\"}]}<\/script>\n<!-- \/ Yoast SEO plugin. -->","yoast_head_json":{"title":"Color Brilliance Wella Professionals Spray BB Miracle 150ml - Lamhair - boutique","robots":{"index":"index","follow":"follow","max-snippet":"max-snippet:-1","max-image-preview":"max-image-preview:large","max-video-preview":"max-video-preview:-1"},"canonical":"https:\/\/www.lamhair.be\/shop\/product\/color-brillance-wella-professionals-spray-bb-miracle-150ml\/","og_locale":"fr_FR","og_type":"article","og_title":"Color Brilliance Wella Professionals Spray BB Miracle 150ml - Lamhair - boutique","og_description":"Spray BB Miracle, sans rin\u00e7age. Apporte de l'\u00e9clat \u00e0 la couleur, d\u00e9m\u00eale et lisse la surface des cheveux, technologie anti-oxydante. Id\u00e9al pour cheveux color\u00e9s.","og_url":"https:\/\/www.lamhair.be\/shop\/product\/color-brillance-wella-professionals-spray-bb-miracle-150ml\/","og_site_name":"Lamhair - boutique","article_modified_time":"2020-04-17T10:44:53+00:00","og_image":[{"width":690,"height":690,"url":"https:\/\/www.lamhair.be\/shop\/wp-content\/uploads\/2020\/04\/53.jpg","type":"image\/jpeg"}],"twitter_card":"summary_large_image","schema":{"@context":"https:\/\/schema.org","@graph":[{"@type":"WebPage","@id":"https:\/\/www.lamhair.be\/shop\/product\/color-brillance-wella-professionals-spray-bb-miracle-150ml\/","url":"https:\/\/www.lamhair.be\/shop\/product\/color-brillance-wella-professionals-spray-bb-miracle-150ml\/","name":"Color Brilliance Wella Professionals Spray BB Miracle 150ml - Lamhair - boutique","isPartOf":{"@id":"https:\/\/www.lamhair.be\/shop\/#website"},"datePublished":"2020-04-16T23:10:39+00:00","dateModified":"2020-04-17T10:44:53+00:00","breadcrumb":{"@id":"https:\/\/www.lamhair.be\/shop\/product\/color-brillance-wella-professionals-spray-bb-miracle-150ml\/#breadcrumb"},"inLanguage":"fr-FR","potentialAction":[{"@type":"ReadAction","target":["https:\/\/www.lamhair.be\/shop\/product\/color-brillance-wella-professionals-spray-bb-miracle-150ml\/"]}]},{"@type":"BreadcrumbList","@id":"https:\/\/www.lamhair.be\/shop\/product\/color-brillance-wella-professionals-spray-bb-miracle-150ml\/#breadcrumb","itemListElement":[{"@type":"ListItem","position":1,"name":"Home","item":"https:\/\/www.lamhair.be\/shop\/"},{"@type":"ListItem","position":2,"name":"La boutique","item":"https:\/\/www.lamhair.be\/shop\/shop\/"},{"@type":"ListItem","position":3,"name":"Color Brilliance Wella Professionals Spray BB Miracle 150ml"}]},{"@type":"WebSite","@id":"https:\/\/www.lamhair.be\/shop\/#website","url":"https:\/\/www.lamhair.be\/shop\/","name":"Lamhair - boutique","description":"","potentialAction":[{"@type":"SearchAction","target":{"@type":"EntryPoint","urlTemplate":"https:\/\/www.lamhair.be\/shop\/?s={search_term_string}"},"query-input":"required name=search_term_string"}],"inLanguage":"fr-FR"}]}},"_links":{"self":[{"href":"https:\/\/www.lamhair.be\/shop\/wp-json\/wp\/v2\/product\/9263"}],"collection":[{"href":"https:\/\/www.lamhair.be\/shop\/wp-json\/wp\/v2\/product"}],"about":[{"href":"https:\/\/www.lamhair.be\/shop\/wp-json\/wp\/v2\/types\/product"}],"replies":[{"embeddable":true,"href":"https:\/\/www.lamhair.be\/shop\/wp-json\/wp\/v2\/comments?post=9263"}],"wp:featuredmedia":[{"embeddable":true,"href":"https:\/\/www.lamhair.be\/shop\/wp-json\/wp\/v2\/media\/9360"}],"wp:attachment":[{"href":"https:\/\/www.lamhair.be\/shop\/wp-json\/wp\/v2\/media?parent=9263"}],"wp:term":[{"taxonomy":"product_cat","embeddable":true,"href":"https:\/\/www.lamhair.be\/shop\/wp-json\/wp\/v2\/product_cat?post=9263"},{"taxonomy":"product_tag","embeddable":true,"href":"https:\/\/www.lamhair.be\/shop\/wp-json\/wp\/v2\/product_tag?post=9263"}],"curies":[{"name":"wp","href":"https:\/\/api.w.org\/{rel}","templated":true}]}}