{"id":9308,"date":"2020-04-17T15:20:20","date_gmt":"2020-04-17T13:20:20","guid":{"rendered":"https:\/\/www.lamhair.be\/shop\/?post_type=product&#038;p=9308"},"modified":"2020-04-17T16:23:47","modified_gmt":"2020-04-17T14:23:47","slug":"coffret-moroccanoil-treatment-100ml","status":"publish","type":"product","link":"https:\/\/www.lamhair.be\/shop\/product\/coffret-moroccanoil-treatment-100ml\/","title":{"rendered":"Coffret Moroccanoil Treatment 100ml"},"content":{"rendered":"","protected":false},"excerpt":{"rendered":"<p>Coffret Moroccanoil Prestigieux.<br \/>\nCe coffret en \u00e9dition limit\u00e9e comprend une huile Moroccanoil pour sublimer les cheveux et un Savon Parfum\u00e9 Moroccanoil Body.<br \/>\nLes deux produits sont enrichis en huile d&rsquo;argan riche en antioxydants et contiennent d&rsquo;autres ingr\u00e9dients nutritifs.<\/p>\n","protected":false},"featured_media":9363,"comment_status":"open","ping_status":"closed","template":"","meta":[],"product_cat":[108],"product_tag":[],"yoast_head":"<!-- This site is optimized with the Yoast SEO plugin v19.5.1 - https:\/\/yoast.com\/wordpress\/plugins\/seo\/ -->\n<title>Coffret Moroccanoil Treatment 100ml - Lamhair - boutique<\/title>\n<meta name=\"robots\" content=\"index, follow, max-snippet:-1, max-image-preview:large, max-video-preview:-1\" \/>\n<link rel=\"canonical\" href=\"https:\/\/www.lamhair.be\/shop\/product\/coffret-moroccanoil-treatment-100ml\/\" \/>\n<meta property=\"og:locale\" content=\"fr_FR\" \/>\n<meta property=\"og:type\" content=\"article\" \/>\n<meta property=\"og:title\" content=\"Coffret Moroccanoil Treatment 100ml - Lamhair - boutique\" \/>\n<meta property=\"og:description\" content=\"Coffret Moroccanoil Prestigieux. Ce coffret en \u00e9dition limit\u00e9e comprend une huile Moroccanoil pour sublimer les cheveux et un Savon Parfum\u00e9 Moroccanoil Body. Les deux produits sont enrichis en huile d&#039;argan riche en antioxydants et contiennent d&#039;autres ingr\u00e9dients nutritifs.\" \/>\n<meta property=\"og:url\" content=\"https:\/\/www.lamhair.be\/shop\/product\/coffret-moroccanoil-treatment-100ml\/\" \/>\n<meta property=\"og:site_name\" content=\"Lamhair - boutique\" \/>\n<meta property=\"article:modified_time\" content=\"2020-04-17T14:23:47+00:00\" \/>\n<meta property=\"og:image\" content=\"https:\/\/www.lamhair.be\/shop\/wp-content\/uploads\/2020\/04\/55.jpg\" \/>\n\t<meta property=\"og:image:width\" content=\"690\" \/>\n\t<meta property=\"og:image:height\" content=\"690\" \/>\n\t<meta property=\"og:image:type\" content=\"image\/jpeg\" \/>\n<meta name=\"twitter:card\" content=\"summary_large_image\" \/>\n<script type=\"application\/ld+json\" class=\"yoast-schema-graph\">{\"@context\":\"https:\/\/schema.org\",\"@graph\":[{\"@type\":\"WebPage\",\"@id\":\"https:\/\/www.lamhair.be\/shop\/product\/coffret-moroccanoil-treatment-100ml\/\",\"url\":\"https:\/\/www.lamhair.be\/shop\/product\/coffret-moroccanoil-treatment-100ml\/\",\"name\":\"Coffret Moroccanoil Treatment 100ml - Lamhair - boutique\",\"isPartOf\":{\"@id\":\"https:\/\/www.lamhair.be\/shop\/#website\"},\"datePublished\":\"2020-04-17T13:20:20+00:00\",\"dateModified\":\"2020-04-17T14:23:47+00:00\",\"breadcrumb\":{\"@id\":\"https:\/\/www.lamhair.be\/shop\/product\/coffret-moroccanoil-treatment-100ml\/#breadcrumb\"},\"inLanguage\":\"fr-FR\",\"potentialAction\":[{\"@type\":\"ReadAction\",\"target\":[\"https:\/\/www.lamhair.be\/shop\/product\/coffret-moroccanoil-treatment-100ml\/\"]}]},{\"@type\":\"BreadcrumbList\",\"@id\":\"https:\/\/www.lamhair.be\/shop\/product\/coffret-moroccanoil-treatment-100ml\/#breadcrumb\",\"itemListElement\":[{\"@type\":\"ListItem\",\"position\":1,\"name\":\"Home\",\"item\":\"https:\/\/www.lamhair.be\/shop\/\"},{\"@type\":\"ListItem\",\"position\":2,\"name\":\"La boutique\",\"item\":\"https:\/\/www.lamhair.be\/shop\/shop\/\"},{\"@type\":\"ListItem\",\"position\":3,\"name\":\"Coffret Moroccanoil Treatment 100ml\"}]},{\"@type\":\"WebSite\",\"@id\":\"https:\/\/www.lamhair.be\/shop\/#website\",\"url\":\"https:\/\/www.lamhair.be\/shop\/\",\"name\":\"Lamhair - boutique\",\"description\":\"\",\"potentialAction\":[{\"@type\":\"SearchAction\",\"target\":{\"@type\":\"EntryPoint\",\"urlTemplate\":\"https:\/\/www.lamhair.be\/shop\/?s={search_term_string}\"},\"query-input\":\"required name=search_term_string\"}],\"inLanguage\":\"fr-FR\"}]}<\/script>\n<!-- \/ Yoast SEO plugin. -->","yoast_head_json":{"title":"Coffret Moroccanoil Treatment 100ml - Lamhair - boutique","robots":{"index":"index","follow":"follow","max-snippet":"max-snippet:-1","max-image-preview":"max-image-preview:large","max-video-preview":"max-video-preview:-1"},"canonical":"https:\/\/www.lamhair.be\/shop\/product\/coffret-moroccanoil-treatment-100ml\/","og_locale":"fr_FR","og_type":"article","og_title":"Coffret Moroccanoil Treatment 100ml - Lamhair - boutique","og_description":"Coffret Moroccanoil Prestigieux. Ce coffret en \u00e9dition limit\u00e9e comprend une huile Moroccanoil pour sublimer les cheveux et un Savon Parfum\u00e9 Moroccanoil Body. Les deux produits sont enrichis en huile d'argan riche en antioxydants et contiennent d'autres ingr\u00e9dients nutritifs.","og_url":"https:\/\/www.lamhair.be\/shop\/product\/coffret-moroccanoil-treatment-100ml\/","og_site_name":"Lamhair - boutique","article_modified_time":"2020-04-17T14:23:47+00:00","og_image":[{"width":690,"height":690,"url":"https:\/\/www.lamhair.be\/shop\/wp-content\/uploads\/2020\/04\/55.jpg","type":"image\/jpeg"}],"twitter_card":"summary_large_image","schema":{"@context":"https:\/\/schema.org","@graph":[{"@type":"WebPage","@id":"https:\/\/www.lamhair.be\/shop\/product\/coffret-moroccanoil-treatment-100ml\/","url":"https:\/\/www.lamhair.be\/shop\/product\/coffret-moroccanoil-treatment-100ml\/","name":"Coffret Moroccanoil Treatment 100ml - Lamhair - boutique","isPartOf":{"@id":"https:\/\/www.lamhair.be\/shop\/#website"},"datePublished":"2020-04-17T13:20:20+00:00","dateModified":"2020-04-17T14:23:47+00:00","breadcrumb":{"@id":"https:\/\/www.lamhair.be\/shop\/product\/coffret-moroccanoil-treatment-100ml\/#breadcrumb"},"inLanguage":"fr-FR","potentialAction":[{"@type":"ReadAction","target":["https:\/\/www.lamhair.be\/shop\/product\/coffret-moroccanoil-treatment-100ml\/"]}]},{"@type":"BreadcrumbList","@id":"https:\/\/www.lamhair.be\/shop\/product\/coffret-moroccanoil-treatment-100ml\/#breadcrumb","itemListElement":[{"@type":"ListItem","position":1,"name":"Home","item":"https:\/\/www.lamhair.be\/shop\/"},{"@type":"ListItem","position":2,"name":"La boutique","item":"https:\/\/www.lamhair.be\/shop\/shop\/"},{"@type":"ListItem","position":3,"name":"Coffret Moroccanoil Treatment 100ml"}]},{"@type":"WebSite","@id":"https:\/\/www.lamhair.be\/shop\/#website","url":"https:\/\/www.lamhair.be\/shop\/","name":"Lamhair - boutique","description":"","potentialAction":[{"@type":"SearchAction","target":{"@type":"EntryPoint","urlTemplate":"https:\/\/www.lamhair.be\/shop\/?s={search_term_string}"},"query-input":"required name=search_term_string"}],"inLanguage":"fr-FR"}]}},"_links":{"self":[{"href":"https:\/\/www.lamhair.be\/shop\/wp-json\/wp\/v2\/product\/9308"}],"collection":[{"href":"https:\/\/www.lamhair.be\/shop\/wp-json\/wp\/v2\/product"}],"about":[{"href":"https:\/\/www.lamhair.be\/shop\/wp-json\/wp\/v2\/types\/product"}],"replies":[{"embeddable":true,"href":"https:\/\/www.lamhair.be\/shop\/wp-json\/wp\/v2\/comments?post=9308"}],"wp:featuredmedia":[{"embeddable":true,"href":"https:\/\/www.lamhair.be\/shop\/wp-json\/wp\/v2\/media\/9363"}],"wp:attachment":[{"href":"https:\/\/www.lamhair.be\/shop\/wp-json\/wp\/v2\/media?parent=9308"}],"wp:term":[{"taxonomy":"product_cat","embeddable":true,"href":"https:\/\/www.lamhair.be\/shop\/wp-json\/wp\/v2\/product_cat?post=9308"},{"taxonomy":"product_tag","embeddable":true,"href":"https:\/\/www.lamhair.be\/shop\/wp-json\/wp\/v2\/product_tag?post=9308"}],"curies":[{"name":"wp","href":"https:\/\/api.w.org\/{rel}","templated":true}]}}