{"id":9318,"date":"2020-04-17T11:20:26","date_gmt":"2020-04-17T09:20:26","guid":{"rendered":"https:\/\/www.lamhair.be\/shop\/?post_type=product&#038;p=9318"},"modified":"2023-12-04T20:43:04","modified_gmt":"2023-12-04T19:43:04","slug":"brosse-demelante","status":"publish","type":"product","link":"https:\/\/www.lamhair.be\/shop\/product\/brosse-demelante\/","title":{"rendered":"Brosse d\u00e9m\u00e9lante"},"content":{"rendered":"","protected":false},"excerpt":{"rendered":"<p>La brosse qui r\u00e9volutionne le d\u00e9m\u00ealage.<br \/>\nAvec sa structure innovatrice de picots flexibles sur 3 hauteurs, elle d\u00e9m\u00eale les cheveux tout en douceur sans casser la fibre capillaire : parfaite pour les cheveux les plus sensibles, sur cheveux secs ou mouill\u00e9s.Elle peut \u00e9galement \u00eatre utilis\u00e9e lors de l&rsquo;application de votre soin.<br \/>\nPour la nettoyer, il suffit de la rincer sous l&rsquo;eau chaude.<br \/>\nVous pouvez la tenir de 2 mani\u00e8res diff\u00e9rentes, soit, dans la paume de votre main ou par son manche ergonomique pour un confort total d&rsquo;utilisation.<\/p>\n<p><span style=\"color:#eb4559; font-weight:bold;\">Motifs et couleurs en fonction du stock disponible<\/span><\/p>\n","protected":false},"featured_media":9386,"comment_status":"open","ping_status":"closed","template":"","meta":[],"product_cat":[105],"product_tag":[],"yoast_head":"<!-- This site is optimized with the Yoast SEO plugin v19.5.1 - https:\/\/yoast.com\/wordpress\/plugins\/seo\/ -->\n<title>Brosse d\u00e9m\u00e9lante - Lamhair - boutique<\/title>\n<meta name=\"robots\" content=\"index, follow, max-snippet:-1, max-image-preview:large, max-video-preview:-1\" \/>\n<link rel=\"canonical\" href=\"https:\/\/www.lamhair.be\/shop\/product\/brosse-demelante\/\" \/>\n<meta property=\"og:locale\" content=\"fr_FR\" \/>\n<meta property=\"og:type\" content=\"article\" \/>\n<meta property=\"og:title\" content=\"Brosse d\u00e9m\u00e9lante - Lamhair - boutique\" \/>\n<meta property=\"og:description\" content=\"La brosse qui r\u00e9volutionne le d\u00e9m\u00ealage. Avec sa structure innovatrice de picots flexibles sur 3 hauteurs, elle d\u00e9m\u00eale les cheveux tout en douceur sans casser la fibre capillaire : parfaite pour les cheveux les plus sensibles, sur cheveux secs ou mouill\u00e9s.Elle peut \u00e9galement \u00eatre utilis\u00e9e lors de l&#039;application de votre soin. Pour la nettoyer, il suffit de la rincer sous l&#039;eau chaude. Vous pouvez la tenir de 2 mani\u00e8res diff\u00e9rentes, soit, dans la paume de votre main ou par son manche ergonomique pour un confort total d&#039;utilisation.  Motifs et couleurs en fonction du stock disponible\" \/>\n<meta property=\"og:url\" content=\"https:\/\/www.lamhair.be\/shop\/product\/brosse-demelante\/\" \/>\n<meta property=\"og:site_name\" content=\"Lamhair - boutique\" \/>\n<meta property=\"article:modified_time\" content=\"2023-12-04T19:43:04+00:00\" \/>\n<meta property=\"og:image\" content=\"https:\/\/www.lamhair.be\/shop\/wp-content\/uploads\/2020\/04\/93117982_251886449283140_6163265240692686848_n-1-scaled.jpg\" \/>\n\t<meta property=\"og:image:width\" content=\"1765\" \/>\n\t<meta property=\"og:image:height\" content=\"2560\" \/>\n\t<meta property=\"og:image:type\" content=\"image\/jpeg\" \/>\n<meta name=\"twitter:card\" content=\"summary_large_image\" \/>\n<script type=\"application\/ld+json\" class=\"yoast-schema-graph\">{\"@context\":\"https:\/\/schema.org\",\"@graph\":[{\"@type\":\"WebPage\",\"@id\":\"https:\/\/www.lamhair.be\/shop\/product\/brosse-demelante\/\",\"url\":\"https:\/\/www.lamhair.be\/shop\/product\/brosse-demelante\/\",\"name\":\"Brosse d\u00e9m\u00e9lante - Lamhair - boutique\",\"isPartOf\":{\"@id\":\"https:\/\/www.lamhair.be\/shop\/#website\"},\"datePublished\":\"2020-04-17T09:20:26+00:00\",\"dateModified\":\"2023-12-04T19:43:04+00:00\",\"breadcrumb\":{\"@id\":\"https:\/\/www.lamhair.be\/shop\/product\/brosse-demelante\/#breadcrumb\"},\"inLanguage\":\"fr-FR\",\"potentialAction\":[{\"@type\":\"ReadAction\",\"target\":[\"https:\/\/www.lamhair.be\/shop\/product\/brosse-demelante\/\"]}]},{\"@type\":\"BreadcrumbList\",\"@id\":\"https:\/\/www.lamhair.be\/shop\/product\/brosse-demelante\/#breadcrumb\",\"itemListElement\":[{\"@type\":\"ListItem\",\"position\":1,\"name\":\"Home\",\"item\":\"https:\/\/www.lamhair.be\/shop\/\"},{\"@type\":\"ListItem\",\"position\":2,\"name\":\"La boutique\",\"item\":\"https:\/\/www.lamhair.be\/shop\/shop\/\"},{\"@type\":\"ListItem\",\"position\":3,\"name\":\"Brosse d\u00e9m\u00e9lante\"}]},{\"@type\":\"WebSite\",\"@id\":\"https:\/\/www.lamhair.be\/shop\/#website\",\"url\":\"https:\/\/www.lamhair.be\/shop\/\",\"name\":\"Lamhair - boutique\",\"description\":\"\",\"potentialAction\":[{\"@type\":\"SearchAction\",\"target\":{\"@type\":\"EntryPoint\",\"urlTemplate\":\"https:\/\/www.lamhair.be\/shop\/?s={search_term_string}\"},\"query-input\":\"required name=search_term_string\"}],\"inLanguage\":\"fr-FR\"}]}<\/script>\n<!-- \/ Yoast SEO plugin. -->","yoast_head_json":{"title":"Brosse d\u00e9m\u00e9lante - Lamhair - boutique","robots":{"index":"index","follow":"follow","max-snippet":"max-snippet:-1","max-image-preview":"max-image-preview:large","max-video-preview":"max-video-preview:-1"},"canonical":"https:\/\/www.lamhair.be\/shop\/product\/brosse-demelante\/","og_locale":"fr_FR","og_type":"article","og_title":"Brosse d\u00e9m\u00e9lante - Lamhair - boutique","og_description":"La brosse qui r\u00e9volutionne le d\u00e9m\u00ealage. Avec sa structure innovatrice de picots flexibles sur 3 hauteurs, elle d\u00e9m\u00eale les cheveux tout en douceur sans casser la fibre capillaire : parfaite pour les cheveux les plus sensibles, sur cheveux secs ou mouill\u00e9s.Elle peut \u00e9galement \u00eatre utilis\u00e9e lors de l'application de votre soin. Pour la nettoyer, il suffit de la rincer sous l'eau chaude. Vous pouvez la tenir de 2 mani\u00e8res diff\u00e9rentes, soit, dans la paume de votre main ou par son manche ergonomique pour un confort total d'utilisation.  Motifs et couleurs en fonction du stock disponible","og_url":"https:\/\/www.lamhair.be\/shop\/product\/brosse-demelante\/","og_site_name":"Lamhair - boutique","article_modified_time":"2023-12-04T19:43:04+00:00","og_image":[{"width":1765,"height":2560,"url":"https:\/\/www.lamhair.be\/shop\/wp-content\/uploads\/2020\/04\/93117982_251886449283140_6163265240692686848_n-1-scaled.jpg","type":"image\/jpeg"}],"twitter_card":"summary_large_image","schema":{"@context":"https:\/\/schema.org","@graph":[{"@type":"WebPage","@id":"https:\/\/www.lamhair.be\/shop\/product\/brosse-demelante\/","url":"https:\/\/www.lamhair.be\/shop\/product\/brosse-demelante\/","name":"Brosse d\u00e9m\u00e9lante - Lamhair - boutique","isPartOf":{"@id":"https:\/\/www.lamhair.be\/shop\/#website"},"datePublished":"2020-04-17T09:20:26+00:00","dateModified":"2023-12-04T19:43:04+00:00","breadcrumb":{"@id":"https:\/\/www.lamhair.be\/shop\/product\/brosse-demelante\/#breadcrumb"},"inLanguage":"fr-FR","potentialAction":[{"@type":"ReadAction","target":["https:\/\/www.lamhair.be\/shop\/product\/brosse-demelante\/"]}]},{"@type":"BreadcrumbList","@id":"https:\/\/www.lamhair.be\/shop\/product\/brosse-demelante\/#breadcrumb","itemListElement":[{"@type":"ListItem","position":1,"name":"Home","item":"https:\/\/www.lamhair.be\/shop\/"},{"@type":"ListItem","position":2,"name":"La boutique","item":"https:\/\/www.lamhair.be\/shop\/shop\/"},{"@type":"ListItem","position":3,"name":"Brosse d\u00e9m\u00e9lante"}]},{"@type":"WebSite","@id":"https:\/\/www.lamhair.be\/shop\/#website","url":"https:\/\/www.lamhair.be\/shop\/","name":"Lamhair - boutique","description":"","potentialAction":[{"@type":"SearchAction","target":{"@type":"EntryPoint","urlTemplate":"https:\/\/www.lamhair.be\/shop\/?s={search_term_string}"},"query-input":"required name=search_term_string"}],"inLanguage":"fr-FR"}]}},"_links":{"self":[{"href":"https:\/\/www.lamhair.be\/shop\/wp-json\/wp\/v2\/product\/9318"}],"collection":[{"href":"https:\/\/www.lamhair.be\/shop\/wp-json\/wp\/v2\/product"}],"about":[{"href":"https:\/\/www.lamhair.be\/shop\/wp-json\/wp\/v2\/types\/product"}],"replies":[{"embeddable":true,"href":"https:\/\/www.lamhair.be\/shop\/wp-json\/wp\/v2\/comments?post=9318"}],"wp:featuredmedia":[{"embeddable":true,"href":"https:\/\/www.lamhair.be\/shop\/wp-json\/wp\/v2\/media\/9386"}],"wp:attachment":[{"href":"https:\/\/www.lamhair.be\/shop\/wp-json\/wp\/v2\/media?parent=9318"}],"wp:term":[{"taxonomy":"product_cat","embeddable":true,"href":"https:\/\/www.lamhair.be\/shop\/wp-json\/wp\/v2\/product_cat?post=9318"},{"taxonomy":"product_tag","embeddable":true,"href":"https:\/\/www.lamhair.be\/shop\/wp-json\/wp\/v2\/product_tag?post=9318"}],"curies":[{"name":"wp","href":"https:\/\/api.w.org\/{rel}","templated":true}]}}