{"id":9326,"date":"2020-04-17T10:00:14","date_gmt":"2020-04-17T08:00:14","guid":{"rendered":"https:\/\/www.lamhair.be\/shop\/?post_type=product&#038;p=9326"},"modified":"2022-04-11T21:30:32","modified_gmt":"2022-04-11T19:30:32","slug":"brosse-demelante-olivia-garden-for-think-pink","status":"publish","type":"product","link":"https:\/\/www.lamhair.be\/shop\/product\/brosse-demelante-olivia-garden-for-think-pink\/","title":{"rendered":"Brosse d\u00e9m\u00e9lante Olivia Garden for THINK PINK"},"content":{"rendered":"","protected":false},"excerpt":{"rendered":"<p>Brosses pour lesquels Olivia Garden reversera une participation \u00e0 la recherche contre la lutte du cancer du sein.<br \/>\nLes poils en nylon ionis\u00e9s et antistatiques, tels que ceux utilis\u00e9s pour nos brosses pr\u00e9viennent efficacement la charge des cheveux en \u00e9lectricit\u00e9 statique, avec pour r\u00e9sultat des cheveux lisses et brillants. De plus, la cuticule des cheveux sera alors ferm\u00e9e, pr\u00e9venant ainsi efficacement les cheveux du dess\u00e8chement.<\/p>\n","protected":false},"featured_media":9346,"comment_status":"open","ping_status":"closed","template":"","meta":[],"product_cat":[105],"product_tag":[],"yoast_head":"<!-- This site is optimized with the Yoast SEO plugin v19.5.1 - https:\/\/yoast.com\/wordpress\/plugins\/seo\/ -->\n<title>Brosse d\u00e9m\u00e9lante Olivia Garden for THINK PINK - Lamhair - boutique<\/title>\n<meta name=\"robots\" content=\"index, follow, max-snippet:-1, max-image-preview:large, max-video-preview:-1\" \/>\n<link rel=\"canonical\" href=\"https:\/\/www.lamhair.be\/shop\/product\/brosse-demelante-olivia-garden-for-think-pink\/\" \/>\n<meta property=\"og:locale\" content=\"fr_FR\" \/>\n<meta property=\"og:type\" content=\"article\" \/>\n<meta property=\"og:title\" content=\"Brosse d\u00e9m\u00e9lante Olivia Garden for THINK PINK - Lamhair - boutique\" \/>\n<meta property=\"og:description\" content=\"Brosses pour lesquels Olivia Garden reversera une participation \u00e0 la recherche contre la lutte du cancer du sein. Les poils en nylon ionis\u00e9s et antistatiques, tels que ceux utilis\u00e9s pour nos brosses pr\u00e9viennent efficacement la charge des cheveux en \u00e9lectricit\u00e9 statique, avec pour r\u00e9sultat des cheveux lisses et brillants. De plus, la cuticule des cheveux sera alors ferm\u00e9e, pr\u00e9venant ainsi efficacement les cheveux du dess\u00e8chement.\" \/>\n<meta property=\"og:url\" content=\"https:\/\/www.lamhair.be\/shop\/product\/brosse-demelante-olivia-garden-for-think-pink\/\" \/>\n<meta property=\"og:site_name\" content=\"Lamhair - boutique\" \/>\n<meta property=\"article:modified_time\" content=\"2022-04-11T19:30:32+00:00\" \/>\n<meta property=\"og:image\" content=\"https:\/\/www.lamhair.be\/shop\/wp-content\/uploads\/2020\/04\/brosse-demelante-think-pink.jpg\" \/>\n\t<meta property=\"og:image:width\" content=\"512\" \/>\n\t<meta property=\"og:image:height\" content=\"512\" \/>\n\t<meta property=\"og:image:type\" content=\"image\/jpeg\" \/>\n<meta name=\"twitter:card\" content=\"summary_large_image\" \/>\n<script type=\"application\/ld+json\" class=\"yoast-schema-graph\">{\"@context\":\"https:\/\/schema.org\",\"@graph\":[{\"@type\":\"WebPage\",\"@id\":\"https:\/\/www.lamhair.be\/shop\/product\/brosse-demelante-olivia-garden-for-think-pink\/\",\"url\":\"https:\/\/www.lamhair.be\/shop\/product\/brosse-demelante-olivia-garden-for-think-pink\/\",\"name\":\"Brosse d\u00e9m\u00e9lante Olivia Garden for THINK PINK - Lamhair - boutique\",\"isPartOf\":{\"@id\":\"https:\/\/www.lamhair.be\/shop\/#website\"},\"datePublished\":\"2020-04-17T08:00:14+00:00\",\"dateModified\":\"2022-04-11T19:30:32+00:00\",\"breadcrumb\":{\"@id\":\"https:\/\/www.lamhair.be\/shop\/product\/brosse-demelante-olivia-garden-for-think-pink\/#breadcrumb\"},\"inLanguage\":\"fr-FR\",\"potentialAction\":[{\"@type\":\"ReadAction\",\"target\":[\"https:\/\/www.lamhair.be\/shop\/product\/brosse-demelante-olivia-garden-for-think-pink\/\"]}]},{\"@type\":\"BreadcrumbList\",\"@id\":\"https:\/\/www.lamhair.be\/shop\/product\/brosse-demelante-olivia-garden-for-think-pink\/#breadcrumb\",\"itemListElement\":[{\"@type\":\"ListItem\",\"position\":1,\"name\":\"Home\",\"item\":\"https:\/\/www.lamhair.be\/shop\/\"},{\"@type\":\"ListItem\",\"position\":2,\"name\":\"La boutique\",\"item\":\"https:\/\/www.lamhair.be\/shop\/shop\/\"},{\"@type\":\"ListItem\",\"position\":3,\"name\":\"Brosse d\u00e9m\u00e9lante Olivia Garden for THINK PINK\"}]},{\"@type\":\"WebSite\",\"@id\":\"https:\/\/www.lamhair.be\/shop\/#website\",\"url\":\"https:\/\/www.lamhair.be\/shop\/\",\"name\":\"Lamhair - boutique\",\"description\":\"\",\"potentialAction\":[{\"@type\":\"SearchAction\",\"target\":{\"@type\":\"EntryPoint\",\"urlTemplate\":\"https:\/\/www.lamhair.be\/shop\/?s={search_term_string}\"},\"query-input\":\"required name=search_term_string\"}],\"inLanguage\":\"fr-FR\"}]}<\/script>\n<!-- \/ Yoast SEO plugin. -->","yoast_head_json":{"title":"Brosse d\u00e9m\u00e9lante Olivia Garden for THINK PINK - Lamhair - boutique","robots":{"index":"index","follow":"follow","max-snippet":"max-snippet:-1","max-image-preview":"max-image-preview:large","max-video-preview":"max-video-preview:-1"},"canonical":"https:\/\/www.lamhair.be\/shop\/product\/brosse-demelante-olivia-garden-for-think-pink\/","og_locale":"fr_FR","og_type":"article","og_title":"Brosse d\u00e9m\u00e9lante Olivia Garden for THINK PINK - Lamhair - boutique","og_description":"Brosses pour lesquels Olivia Garden reversera une participation \u00e0 la recherche contre la lutte du cancer du sein. Les poils en nylon ionis\u00e9s et antistatiques, tels que ceux utilis\u00e9s pour nos brosses pr\u00e9viennent efficacement la charge des cheveux en \u00e9lectricit\u00e9 statique, avec pour r\u00e9sultat des cheveux lisses et brillants. De plus, la cuticule des cheveux sera alors ferm\u00e9e, pr\u00e9venant ainsi efficacement les cheveux du dess\u00e8chement.","og_url":"https:\/\/www.lamhair.be\/shop\/product\/brosse-demelante-olivia-garden-for-think-pink\/","og_site_name":"Lamhair - boutique","article_modified_time":"2022-04-11T19:30:32+00:00","og_image":[{"width":512,"height":512,"url":"https:\/\/www.lamhair.be\/shop\/wp-content\/uploads\/2020\/04\/brosse-demelante-think-pink.jpg","type":"image\/jpeg"}],"twitter_card":"summary_large_image","schema":{"@context":"https:\/\/schema.org","@graph":[{"@type":"WebPage","@id":"https:\/\/www.lamhair.be\/shop\/product\/brosse-demelante-olivia-garden-for-think-pink\/","url":"https:\/\/www.lamhair.be\/shop\/product\/brosse-demelante-olivia-garden-for-think-pink\/","name":"Brosse d\u00e9m\u00e9lante Olivia Garden for THINK PINK - Lamhair - boutique","isPartOf":{"@id":"https:\/\/www.lamhair.be\/shop\/#website"},"datePublished":"2020-04-17T08:00:14+00:00","dateModified":"2022-04-11T19:30:32+00:00","breadcrumb":{"@id":"https:\/\/www.lamhair.be\/shop\/product\/brosse-demelante-olivia-garden-for-think-pink\/#breadcrumb"},"inLanguage":"fr-FR","potentialAction":[{"@type":"ReadAction","target":["https:\/\/www.lamhair.be\/shop\/product\/brosse-demelante-olivia-garden-for-think-pink\/"]}]},{"@type":"BreadcrumbList","@id":"https:\/\/www.lamhair.be\/shop\/product\/brosse-demelante-olivia-garden-for-think-pink\/#breadcrumb","itemListElement":[{"@type":"ListItem","position":1,"name":"Home","item":"https:\/\/www.lamhair.be\/shop\/"},{"@type":"ListItem","position":2,"name":"La boutique","item":"https:\/\/www.lamhair.be\/shop\/shop\/"},{"@type":"ListItem","position":3,"name":"Brosse d\u00e9m\u00e9lante Olivia Garden for THINK PINK"}]},{"@type":"WebSite","@id":"https:\/\/www.lamhair.be\/shop\/#website","url":"https:\/\/www.lamhair.be\/shop\/","name":"Lamhair - boutique","description":"","potentialAction":[{"@type":"SearchAction","target":{"@type":"EntryPoint","urlTemplate":"https:\/\/www.lamhair.be\/shop\/?s={search_term_string}"},"query-input":"required name=search_term_string"}],"inLanguage":"fr-FR"}]}},"_links":{"self":[{"href":"https:\/\/www.lamhair.be\/shop\/wp-json\/wp\/v2\/product\/9326"}],"collection":[{"href":"https:\/\/www.lamhair.be\/shop\/wp-json\/wp\/v2\/product"}],"about":[{"href":"https:\/\/www.lamhair.be\/shop\/wp-json\/wp\/v2\/types\/product"}],"replies":[{"embeddable":true,"href":"https:\/\/www.lamhair.be\/shop\/wp-json\/wp\/v2\/comments?post=9326"}],"wp:featuredmedia":[{"embeddable":true,"href":"https:\/\/www.lamhair.be\/shop\/wp-json\/wp\/v2\/media\/9346"}],"wp:attachment":[{"href":"https:\/\/www.lamhair.be\/shop\/wp-json\/wp\/v2\/media?parent=9326"}],"wp:term":[{"taxonomy":"product_cat","embeddable":true,"href":"https:\/\/www.lamhair.be\/shop\/wp-json\/wp\/v2\/product_cat?post=9326"},{"taxonomy":"product_tag","embeddable":true,"href":"https:\/\/www.lamhair.be\/shop\/wp-json\/wp\/v2\/product_tag?post=9326"}],"curies":[{"name":"wp","href":"https:\/\/api.w.org\/{rel}","templated":true}]}}