{"id":9373,"date":"2020-04-17T15:21:11","date_gmt":"2020-04-17T13:21:11","guid":{"rendered":"https:\/\/www.lamhair.be\/shop\/?post_type=product&#038;p=9373"},"modified":"2020-04-20T21:59:11","modified_gmt":"2020-04-20T19:59:11","slug":"kit-coloration-au-biberon-applicateur-a-la-maison-2","status":"publish","type":"product","link":"https:\/\/www.lamhair.be\/shop\/product\/kit-coloration-au-biberon-applicateur-a-la-maison-2\/","title":{"rendered":"Kit Coloration au biberon applicateur \u00e0 la maison cheveux LONGS"},"content":{"rendered":"","protected":false},"excerpt":{"rendered":"<p>Kit coloration \u00e0 faire \u00e0 la maison (uniquement p\u00e9riode de confinement).<br \/>\nCe kit comprend:<br \/>\nUne paire de gants.<br \/>\nUne dose de shampoing post-color (apr\u00e8s-couleur).<br \/>\nUne dose de masque.<br \/>\nVotre coloration personnalis\u00e9e, dans un biberon applicateur.<br \/>\nUne feuille explicative pour vous aider \u00e0 l\u2019application de votre couleur, le temps de pause, etc.<\/p>\n<div style=\"color: #eb4559; font-size: 16px; font-weight: bold;\">Une fois que nous aurons re\u00e7u votre paiement, nous vous contacterons pour fixer une heure et une date bien pr\u00e9cise afin que vous puissiez r\u00e9cup\u00e9rer votre kit ( \u00e0 venir chercher \u00e0 mon domicile, ou en livraison uniquement pour les personnes ne sachant vraiment pas se d\u00e9placer), car, d\u00e8s que le produit est pr\u00e9par\u00e9 vous devez imp\u00e9rativement faire l&rsquo;application dans l&rsquo;heure.<\/div>\n","protected":false},"featured_media":9380,"comment_status":"open","ping_status":"closed","template":"","meta":[],"product_cat":[22],"product_tag":[],"yoast_head":"<!-- This site is optimized with the Yoast SEO plugin v19.5.1 - https:\/\/yoast.com\/wordpress\/plugins\/seo\/ -->\n<title>Kit Coloration au biberon applicateur \u00e0 la maison cheveux LONGS - Lamhair - boutique<\/title>\n<meta name=\"robots\" content=\"index, follow, max-snippet:-1, max-image-preview:large, max-video-preview:-1\" \/>\n<link rel=\"canonical\" href=\"https:\/\/www.lamhair.be\/shop\/product\/kit-coloration-au-biberon-applicateur-a-la-maison-2\/\" \/>\n<meta property=\"og:locale\" content=\"fr_FR\" \/>\n<meta property=\"og:type\" content=\"article\" \/>\n<meta property=\"og:title\" content=\"Kit Coloration au biberon applicateur \u00e0 la maison cheveux LONGS - Lamhair - boutique\" \/>\n<meta property=\"og:description\" content=\"Kit coloration \u00e0 faire \u00e0 la maison (uniquement p\u00e9riode de confinement). Ce kit comprend: Une paire de gants. Une dose de shampoing post-color (apr\u00e8s-couleur). Une dose de masque. Votre coloration personnalis\u00e9e, dans un biberon applicateur. Une feuille explicative pour vous aider \u00e0 l\u2019application de votre couleur, le temps de pause, etc. Une fois que nous aurons re\u00e7u votre paiement, nous vous contacterons pour fixer une heure et une date bien pr\u00e9cise afin que vous puissiez r\u00e9cup\u00e9rer votre kit ( \u00e0 venir chercher \u00e0 mon domicile, ou en livraison uniquement pour les personnes ne sachant vraiment pas se d\u00e9placer), car, d\u00e8s que le produit est pr\u00e9par\u00e9 vous devez imp\u00e9rativement faire l&#039;application dans l&#039;heure.\" \/>\n<meta property=\"og:url\" content=\"https:\/\/www.lamhair.be\/shop\/product\/kit-coloration-au-biberon-applicateur-a-la-maison-2\/\" \/>\n<meta property=\"og:site_name\" content=\"Lamhair - boutique\" \/>\n<meta property=\"article:modified_time\" content=\"2020-04-20T19:59:11+00:00\" \/>\n<meta property=\"og:image\" content=\"https:\/\/www.lamhair.be\/shop\/wp-content\/uploads\/2020\/04\/93254058_264928114540879_444945993251684352_n-scaled.jpg\" \/>\n\t<meta property=\"og:image:width\" content=\"1808\" \/>\n\t<meta property=\"og:image:height\" content=\"2560\" \/>\n\t<meta property=\"og:image:type\" content=\"image\/jpeg\" \/>\n<meta name=\"twitter:card\" content=\"summary_large_image\" \/>\n<script type=\"application\/ld+json\" class=\"yoast-schema-graph\">{\"@context\":\"https:\/\/schema.org\",\"@graph\":[{\"@type\":\"WebPage\",\"@id\":\"https:\/\/www.lamhair.be\/shop\/product\/kit-coloration-au-biberon-applicateur-a-la-maison-2\/\",\"url\":\"https:\/\/www.lamhair.be\/shop\/product\/kit-coloration-au-biberon-applicateur-a-la-maison-2\/\",\"name\":\"Kit Coloration au biberon applicateur \u00e0 la maison cheveux LONGS - Lamhair - boutique\",\"isPartOf\":{\"@id\":\"https:\/\/www.lamhair.be\/shop\/#website\"},\"datePublished\":\"2020-04-17T13:21:11+00:00\",\"dateModified\":\"2020-04-20T19:59:11+00:00\",\"breadcrumb\":{\"@id\":\"https:\/\/www.lamhair.be\/shop\/product\/kit-coloration-au-biberon-applicateur-a-la-maison-2\/#breadcrumb\"},\"inLanguage\":\"fr-FR\",\"potentialAction\":[{\"@type\":\"ReadAction\",\"target\":[\"https:\/\/www.lamhair.be\/shop\/product\/kit-coloration-au-biberon-applicateur-a-la-maison-2\/\"]}]},{\"@type\":\"BreadcrumbList\",\"@id\":\"https:\/\/www.lamhair.be\/shop\/product\/kit-coloration-au-biberon-applicateur-a-la-maison-2\/#breadcrumb\",\"itemListElement\":[{\"@type\":\"ListItem\",\"position\":1,\"name\":\"Home\",\"item\":\"https:\/\/www.lamhair.be\/shop\/\"},{\"@type\":\"ListItem\",\"position\":2,\"name\":\"La boutique\",\"item\":\"https:\/\/www.lamhair.be\/shop\/shop\/\"},{\"@type\":\"ListItem\",\"position\":3,\"name\":\"Kit Coloration au biberon applicateur \u00e0 la maison cheveux LONGS\"}]},{\"@type\":\"WebSite\",\"@id\":\"https:\/\/www.lamhair.be\/shop\/#website\",\"url\":\"https:\/\/www.lamhair.be\/shop\/\",\"name\":\"Lamhair - boutique\",\"description\":\"\",\"potentialAction\":[{\"@type\":\"SearchAction\",\"target\":{\"@type\":\"EntryPoint\",\"urlTemplate\":\"https:\/\/www.lamhair.be\/shop\/?s={search_term_string}\"},\"query-input\":\"required name=search_term_string\"}],\"inLanguage\":\"fr-FR\"}]}<\/script>\n<!-- \/ Yoast SEO plugin. -->","yoast_head_json":{"title":"Kit Coloration au biberon applicateur \u00e0 la maison cheveux LONGS - Lamhair - boutique","robots":{"index":"index","follow":"follow","max-snippet":"max-snippet:-1","max-image-preview":"max-image-preview:large","max-video-preview":"max-video-preview:-1"},"canonical":"https:\/\/www.lamhair.be\/shop\/product\/kit-coloration-au-biberon-applicateur-a-la-maison-2\/","og_locale":"fr_FR","og_type":"article","og_title":"Kit Coloration au biberon applicateur \u00e0 la maison cheveux LONGS - Lamhair - boutique","og_description":"Kit coloration \u00e0 faire \u00e0 la maison (uniquement p\u00e9riode de confinement). Ce kit comprend: Une paire de gants. Une dose de shampoing post-color (apr\u00e8s-couleur). Une dose de masque. Votre coloration personnalis\u00e9e, dans un biberon applicateur. Une feuille explicative pour vous aider \u00e0 l\u2019application de votre couleur, le temps de pause, etc. Une fois que nous aurons re\u00e7u votre paiement, nous vous contacterons pour fixer une heure et une date bien pr\u00e9cise afin que vous puissiez r\u00e9cup\u00e9rer votre kit ( \u00e0 venir chercher \u00e0 mon domicile, ou en livraison uniquement pour les personnes ne sachant vraiment pas se d\u00e9placer), car, d\u00e8s que le produit est pr\u00e9par\u00e9 vous devez imp\u00e9rativement faire l'application dans l'heure.","og_url":"https:\/\/www.lamhair.be\/shop\/product\/kit-coloration-au-biberon-applicateur-a-la-maison-2\/","og_site_name":"Lamhair - boutique","article_modified_time":"2020-04-20T19:59:11+00:00","og_image":[{"width":1808,"height":2560,"url":"https:\/\/www.lamhair.be\/shop\/wp-content\/uploads\/2020\/04\/93254058_264928114540879_444945993251684352_n-scaled.jpg","type":"image\/jpeg"}],"twitter_card":"summary_large_image","schema":{"@context":"https:\/\/schema.org","@graph":[{"@type":"WebPage","@id":"https:\/\/www.lamhair.be\/shop\/product\/kit-coloration-au-biberon-applicateur-a-la-maison-2\/","url":"https:\/\/www.lamhair.be\/shop\/product\/kit-coloration-au-biberon-applicateur-a-la-maison-2\/","name":"Kit Coloration au biberon applicateur \u00e0 la maison cheveux LONGS - Lamhair - boutique","isPartOf":{"@id":"https:\/\/www.lamhair.be\/shop\/#website"},"datePublished":"2020-04-17T13:21:11+00:00","dateModified":"2020-04-20T19:59:11+00:00","breadcrumb":{"@id":"https:\/\/www.lamhair.be\/shop\/product\/kit-coloration-au-biberon-applicateur-a-la-maison-2\/#breadcrumb"},"inLanguage":"fr-FR","potentialAction":[{"@type":"ReadAction","target":["https:\/\/www.lamhair.be\/shop\/product\/kit-coloration-au-biberon-applicateur-a-la-maison-2\/"]}]},{"@type":"BreadcrumbList","@id":"https:\/\/www.lamhair.be\/shop\/product\/kit-coloration-au-biberon-applicateur-a-la-maison-2\/#breadcrumb","itemListElement":[{"@type":"ListItem","position":1,"name":"Home","item":"https:\/\/www.lamhair.be\/shop\/"},{"@type":"ListItem","position":2,"name":"La boutique","item":"https:\/\/www.lamhair.be\/shop\/shop\/"},{"@type":"ListItem","position":3,"name":"Kit Coloration au biberon applicateur \u00e0 la maison cheveux LONGS"}]},{"@type":"WebSite","@id":"https:\/\/www.lamhair.be\/shop\/#website","url":"https:\/\/www.lamhair.be\/shop\/","name":"Lamhair - boutique","description":"","potentialAction":[{"@type":"SearchAction","target":{"@type":"EntryPoint","urlTemplate":"https:\/\/www.lamhair.be\/shop\/?s={search_term_string}"},"query-input":"required name=search_term_string"}],"inLanguage":"fr-FR"}]}},"_links":{"self":[{"href":"https:\/\/www.lamhair.be\/shop\/wp-json\/wp\/v2\/product\/9373"}],"collection":[{"href":"https:\/\/www.lamhair.be\/shop\/wp-json\/wp\/v2\/product"}],"about":[{"href":"https:\/\/www.lamhair.be\/shop\/wp-json\/wp\/v2\/types\/product"}],"replies":[{"embeddable":true,"href":"https:\/\/www.lamhair.be\/shop\/wp-json\/wp\/v2\/comments?post=9373"}],"wp:featuredmedia":[{"embeddable":true,"href":"https:\/\/www.lamhair.be\/shop\/wp-json\/wp\/v2\/media\/9380"}],"wp:attachment":[{"href":"https:\/\/www.lamhair.be\/shop\/wp-json\/wp\/v2\/media?parent=9373"}],"wp:term":[{"taxonomy":"product_cat","embeddable":true,"href":"https:\/\/www.lamhair.be\/shop\/wp-json\/wp\/v2\/product_cat?post=9373"},{"taxonomy":"product_tag","embeddable":true,"href":"https:\/\/www.lamhair.be\/shop\/wp-json\/wp\/v2\/product_tag?post=9373"}],"curies":[{"name":"wp","href":"https:\/\/api.w.org\/{rel}","templated":true}]}}