{"id":9374,"date":"2020-04-17T15:21:28","date_gmt":"2020-04-17T13:21:28","guid":{"rendered":"https:\/\/www.lamhair.be\/shop\/?post_type=product&#038;p=9374"},"modified":"2020-11-22T13:33:51","modified_gmt":"2020-11-22T12:33:51","slug":"kit-coulage-au-pinceau-a-la-maison","status":"publish","type":"product","link":"https:\/\/www.lamhair.be\/shop\/product\/kit-coulage-au-pinceau-a-la-maison\/","title":{"rendered":"Kit COULAGE au pinceau \u00e0 la maison cheveux COURTS"},"content":{"rendered":"","protected":false},"excerpt":{"rendered":"<p>Kit COULAGE \u00e0 faire \u00e0 la maison (uniquement p\u00e9riode de confinement).<br \/>\nLe coulage \u00e0 plusieurs particularit\u00e9s en fonction du m\u00e9lange, il peut permettre de raviver un blond, de le d\u00e9jaunir, de lui donner de la chaleur, de raviver un reflet (cuivr\u00e9, rouge, violine&#8230;). ATTENTION: il ne change pas la couleur de vos racines, \u00e7a n&rsquo;est pas une coloration, ni une d\u00e9coloration. Il permet de raviver les teintes et neutraliser les mauvais reflets non d\u00e9sir\u00e9s.<\/p>\n<p>Ce kit comprend:<br \/>\nUn pinceau de coloration.<br \/>\nUne paire de gants.<br \/>\nUne dose de shampoing post-color (apr\u00e8s-couleur).<br \/>\nUne dose de masque.<br \/>\nVotre coulage personnalis\u00e9, dans un r\u00e9cipient (\u00e0 transvaser dans un bol non m\u00e9tallique).<br \/>\nUne feuille explicative pour vous aider \u00e0 l\u2019application de votre coulage, le temps de pause, etc.<\/p>\n<div style=\"color: #eb4559; font-size: 16px; font-weight: bold;\">Une fois que nous aurons re\u00e7u votre paiement, nous vous contacterons pour fixer une heure et une date bien pr\u00e9cise afin que vous puissiez r\u00e9cup\u00e9rer votre kit ( \u00e0 venir chercher \u00e0 mon domicile, ou en livraison uniquement pour les personnes ne sachant vraiment pas se d\u00e9placer), car, d\u00e8s que le produit est pr\u00e9par\u00e9 vous devez imp\u00e9rativement faire l&rsquo;application dans l&rsquo;heure.<\/div>\n","protected":false},"featured_media":9384,"comment_status":"open","ping_status":"closed","template":"","meta":[],"product_cat":[22],"product_tag":[],"yoast_head":"<!-- This site is optimized with the Yoast SEO plugin v19.5.1 - https:\/\/yoast.com\/wordpress\/plugins\/seo\/ -->\n<title>Kit COULAGE au pinceau \u00e0 la maison cheveux COURTS - Lamhair - boutique<\/title>\n<meta name=\"robots\" content=\"index, follow, max-snippet:-1, max-image-preview:large, max-video-preview:-1\" \/>\n<link rel=\"canonical\" href=\"https:\/\/www.lamhair.be\/shop\/product\/kit-coulage-au-pinceau-a-la-maison\/\" \/>\n<meta property=\"og:locale\" content=\"fr_FR\" \/>\n<meta property=\"og:type\" content=\"article\" \/>\n<meta property=\"og:title\" content=\"Kit COULAGE au pinceau \u00e0 la maison cheveux COURTS - Lamhair - boutique\" \/>\n<meta property=\"og:description\" content=\"Kit COULAGE \u00e0 faire \u00e0 la maison (uniquement p\u00e9riode de confinement). Le coulage \u00e0 plusieurs particularit\u00e9s en fonction du m\u00e9lange, il peut permettre de raviver un blond, de le d\u00e9jaunir, de lui donner de la chaleur, de raviver un reflet (cuivr\u00e9, rouge, violine...). ATTENTION: il ne change pas la couleur de vos racines, \u00e7a n&#039;est pas une coloration, ni une d\u00e9coloration. Il permet de raviver les teintes et neutraliser les mauvais reflets non d\u00e9sir\u00e9s.  Ce kit comprend: Un pinceau de coloration. Une paire de gants. Une dose de shampoing post-color (apr\u00e8s-couleur). Une dose de masque. Votre coulage personnalis\u00e9, dans un r\u00e9cipient (\u00e0 transvaser dans un bol non m\u00e9tallique). Une feuille explicative pour vous aider \u00e0 l\u2019application de votre coulage, le temps de pause, etc. Une fois que nous aurons re\u00e7u votre paiement, nous vous contacterons pour fixer une heure et une date bien pr\u00e9cise afin que vous puissiez r\u00e9cup\u00e9rer votre kit ( \u00e0 venir chercher \u00e0 mon domicile, ou en livraison uniquement pour les personnes ne sachant vraiment pas se d\u00e9placer), car, d\u00e8s que le produit est pr\u00e9par\u00e9 vous devez imp\u00e9rativement faire l&#039;application dans l&#039;heure.\" \/>\n<meta property=\"og:url\" content=\"https:\/\/www.lamhair.be\/shop\/product\/kit-coulage-au-pinceau-a-la-maison\/\" \/>\n<meta property=\"og:site_name\" content=\"Lamhair - boutique\" \/>\n<meta property=\"article:modified_time\" content=\"2020-11-22T12:33:51+00:00\" \/>\n<meta property=\"og:image\" content=\"https:\/\/www.lamhair.be\/shop\/wp-content\/uploads\/2020\/04\/93709772_540333313352278_7923270811991932928_n-scaled.jpg\" \/>\n\t<meta property=\"og:image:width\" content=\"1920\" \/>\n\t<meta property=\"og:image:height\" content=\"2560\" \/>\n\t<meta property=\"og:image:type\" content=\"image\/jpeg\" \/>\n<meta name=\"twitter:card\" content=\"summary_large_image\" \/>\n<script type=\"application\/ld+json\" class=\"yoast-schema-graph\">{\"@context\":\"https:\/\/schema.org\",\"@graph\":[{\"@type\":\"WebPage\",\"@id\":\"https:\/\/www.lamhair.be\/shop\/product\/kit-coulage-au-pinceau-a-la-maison\/\",\"url\":\"https:\/\/www.lamhair.be\/shop\/product\/kit-coulage-au-pinceau-a-la-maison\/\",\"name\":\"Kit COULAGE au pinceau \u00e0 la maison cheveux COURTS - Lamhair - boutique\",\"isPartOf\":{\"@id\":\"https:\/\/www.lamhair.be\/shop\/#website\"},\"datePublished\":\"2020-04-17T13:21:28+00:00\",\"dateModified\":\"2020-11-22T12:33:51+00:00\",\"breadcrumb\":{\"@id\":\"https:\/\/www.lamhair.be\/shop\/product\/kit-coulage-au-pinceau-a-la-maison\/#breadcrumb\"},\"inLanguage\":\"fr-FR\",\"potentialAction\":[{\"@type\":\"ReadAction\",\"target\":[\"https:\/\/www.lamhair.be\/shop\/product\/kit-coulage-au-pinceau-a-la-maison\/\"]}]},{\"@type\":\"BreadcrumbList\",\"@id\":\"https:\/\/www.lamhair.be\/shop\/product\/kit-coulage-au-pinceau-a-la-maison\/#breadcrumb\",\"itemListElement\":[{\"@type\":\"ListItem\",\"position\":1,\"name\":\"Home\",\"item\":\"https:\/\/www.lamhair.be\/shop\/\"},{\"@type\":\"ListItem\",\"position\":2,\"name\":\"La boutique\",\"item\":\"https:\/\/www.lamhair.be\/shop\/shop\/\"},{\"@type\":\"ListItem\",\"position\":3,\"name\":\"Kit COULAGE au pinceau \u00e0 la maison cheveux COURTS\"}]},{\"@type\":\"WebSite\",\"@id\":\"https:\/\/www.lamhair.be\/shop\/#website\",\"url\":\"https:\/\/www.lamhair.be\/shop\/\",\"name\":\"Lamhair - boutique\",\"description\":\"\",\"potentialAction\":[{\"@type\":\"SearchAction\",\"target\":{\"@type\":\"EntryPoint\",\"urlTemplate\":\"https:\/\/www.lamhair.be\/shop\/?s={search_term_string}\"},\"query-input\":\"required name=search_term_string\"}],\"inLanguage\":\"fr-FR\"}]}<\/script>\n<!-- \/ Yoast SEO plugin. -->","yoast_head_json":{"title":"Kit COULAGE au pinceau \u00e0 la maison cheveux COURTS - Lamhair - boutique","robots":{"index":"index","follow":"follow","max-snippet":"max-snippet:-1","max-image-preview":"max-image-preview:large","max-video-preview":"max-video-preview:-1"},"canonical":"https:\/\/www.lamhair.be\/shop\/product\/kit-coulage-au-pinceau-a-la-maison\/","og_locale":"fr_FR","og_type":"article","og_title":"Kit COULAGE au pinceau \u00e0 la maison cheveux COURTS - Lamhair - boutique","og_description":"Kit COULAGE \u00e0 faire \u00e0 la maison (uniquement p\u00e9riode de confinement). Le coulage \u00e0 plusieurs particularit\u00e9s en fonction du m\u00e9lange, il peut permettre de raviver un blond, de le d\u00e9jaunir, de lui donner de la chaleur, de raviver un reflet (cuivr\u00e9, rouge, violine...). ATTENTION: il ne change pas la couleur de vos racines, \u00e7a n'est pas une coloration, ni une d\u00e9coloration. Il permet de raviver les teintes et neutraliser les mauvais reflets non d\u00e9sir\u00e9s.  Ce kit comprend: Un pinceau de coloration. Une paire de gants. Une dose de shampoing post-color (apr\u00e8s-couleur). Une dose de masque. Votre coulage personnalis\u00e9, dans un r\u00e9cipient (\u00e0 transvaser dans un bol non m\u00e9tallique). Une feuille explicative pour vous aider \u00e0 l\u2019application de votre coulage, le temps de pause, etc. Une fois que nous aurons re\u00e7u votre paiement, nous vous contacterons pour fixer une heure et une date bien pr\u00e9cise afin que vous puissiez r\u00e9cup\u00e9rer votre kit ( \u00e0 venir chercher \u00e0 mon domicile, ou en livraison uniquement pour les personnes ne sachant vraiment pas se d\u00e9placer), car, d\u00e8s que le produit est pr\u00e9par\u00e9 vous devez imp\u00e9rativement faire l'application dans l'heure.","og_url":"https:\/\/www.lamhair.be\/shop\/product\/kit-coulage-au-pinceau-a-la-maison\/","og_site_name":"Lamhair - boutique","article_modified_time":"2020-11-22T12:33:51+00:00","og_image":[{"width":1920,"height":2560,"url":"https:\/\/www.lamhair.be\/shop\/wp-content\/uploads\/2020\/04\/93709772_540333313352278_7923270811991932928_n-scaled.jpg","type":"image\/jpeg"}],"twitter_card":"summary_large_image","schema":{"@context":"https:\/\/schema.org","@graph":[{"@type":"WebPage","@id":"https:\/\/www.lamhair.be\/shop\/product\/kit-coulage-au-pinceau-a-la-maison\/","url":"https:\/\/www.lamhair.be\/shop\/product\/kit-coulage-au-pinceau-a-la-maison\/","name":"Kit COULAGE au pinceau \u00e0 la maison cheveux COURTS - Lamhair - boutique","isPartOf":{"@id":"https:\/\/www.lamhair.be\/shop\/#website"},"datePublished":"2020-04-17T13:21:28+00:00","dateModified":"2020-11-22T12:33:51+00:00","breadcrumb":{"@id":"https:\/\/www.lamhair.be\/shop\/product\/kit-coulage-au-pinceau-a-la-maison\/#breadcrumb"},"inLanguage":"fr-FR","potentialAction":[{"@type":"ReadAction","target":["https:\/\/www.lamhair.be\/shop\/product\/kit-coulage-au-pinceau-a-la-maison\/"]}]},{"@type":"BreadcrumbList","@id":"https:\/\/www.lamhair.be\/shop\/product\/kit-coulage-au-pinceau-a-la-maison\/#breadcrumb","itemListElement":[{"@type":"ListItem","position":1,"name":"Home","item":"https:\/\/www.lamhair.be\/shop\/"},{"@type":"ListItem","position":2,"name":"La boutique","item":"https:\/\/www.lamhair.be\/shop\/shop\/"},{"@type":"ListItem","position":3,"name":"Kit COULAGE au pinceau \u00e0 la maison cheveux COURTS"}]},{"@type":"WebSite","@id":"https:\/\/www.lamhair.be\/shop\/#website","url":"https:\/\/www.lamhair.be\/shop\/","name":"Lamhair - boutique","description":"","potentialAction":[{"@type":"SearchAction","target":{"@type":"EntryPoint","urlTemplate":"https:\/\/www.lamhair.be\/shop\/?s={search_term_string}"},"query-input":"required name=search_term_string"}],"inLanguage":"fr-FR"}]}},"_links":{"self":[{"href":"https:\/\/www.lamhair.be\/shop\/wp-json\/wp\/v2\/product\/9374"}],"collection":[{"href":"https:\/\/www.lamhair.be\/shop\/wp-json\/wp\/v2\/product"}],"about":[{"href":"https:\/\/www.lamhair.be\/shop\/wp-json\/wp\/v2\/types\/product"}],"replies":[{"embeddable":true,"href":"https:\/\/www.lamhair.be\/shop\/wp-json\/wp\/v2\/comments?post=9374"}],"wp:featuredmedia":[{"embeddable":true,"href":"https:\/\/www.lamhair.be\/shop\/wp-json\/wp\/v2\/media\/9384"}],"wp:attachment":[{"href":"https:\/\/www.lamhair.be\/shop\/wp-json\/wp\/v2\/media?parent=9374"}],"wp:term":[{"taxonomy":"product_cat","embeddable":true,"href":"https:\/\/www.lamhair.be\/shop\/wp-json\/wp\/v2\/product_cat?post=9374"},{"taxonomy":"product_tag","embeddable":true,"href":"https:\/\/www.lamhair.be\/shop\/wp-json\/wp\/v2\/product_tag?post=9374"}],"curies":[{"name":"wp","href":"https:\/\/api.w.org\/{rel}","templated":true}]}}