{"id":9388,"date":"2020-04-17T15:20:11","date_gmt":"2020-04-17T13:20:11","guid":{"rendered":"https:\/\/www.lamhair.be\/shop\/?post_type=product&#038;p=9388"},"modified":"2020-04-17T15:42:29","modified_gmt":"2020-04-17T13:42:29","slug":"steampod-3-0-loreal","status":"publish","type":"product","link":"https:\/\/www.lamhair.be\/shop\/product\/steampod-3-0-loreal\/","title":{"rendered":"Steampod 3.0 L&rsquo;Or\u00e9al"},"content":{"rendered":"","protected":false},"excerpt":{"rendered":"<p>Lisseur \u00e0 vapeur Steampod.<br \/>\nTOUJOURS LE CHAMPION DU LISSAGE MAIS EGALEMENT DES WAVES.<br \/>\nTransformez instantan\u00e9ment vos cheveux gr\u00e2ce \u00e0 la technologie brevet\u00e9e \u00e0 base de vapeur : la fa\u00e7on \u00e0 la fois la plus douce et la plus puissante de coiffer vos cheveux. R\u00e9alisez des looks longue-tenue. R\u00e9sultat naturel et cheveux plus doux, quel que soit le type de cheveux.<br \/>\nProtection de la couleur et r\u00e9sultat effet-velours.<br \/>\n2X PLUS LISSE.<br \/>\n2X PLUS RAPIDE.<br \/>\n78% DE DOMMAGES EN MOINS.<\/p>\n","protected":false},"featured_media":9390,"comment_status":"open","ping_status":"closed","template":"","meta":[],"product_cat":[110],"product_tag":[],"yoast_head":"<!-- This site is optimized with the Yoast SEO plugin v19.5.1 - https:\/\/yoast.com\/wordpress\/plugins\/seo\/ -->\n<title>Steampod 3.0 L&#039;Or\u00e9al - Lamhair - boutique<\/title>\n<meta name=\"robots\" content=\"index, follow, max-snippet:-1, max-image-preview:large, max-video-preview:-1\" \/>\n<link rel=\"canonical\" href=\"https:\/\/www.lamhair.be\/shop\/product\/steampod-3-0-loreal\/\" \/>\n<meta property=\"og:locale\" content=\"fr_FR\" \/>\n<meta property=\"og:type\" content=\"article\" \/>\n<meta property=\"og:title\" content=\"Steampod 3.0 L&#039;Or\u00e9al - Lamhair - boutique\" \/>\n<meta property=\"og:description\" content=\"Lisseur \u00e0 vapeur Steampod. TOUJOURS LE CHAMPION DU LISSAGE MAIS EGALEMENT DES WAVES. Transformez instantan\u00e9ment vos cheveux gr\u00e2ce \u00e0 la technologie brevet\u00e9e \u00e0 base de vapeur : la fa\u00e7on \u00e0 la fois la plus douce et la plus puissante de coiffer vos cheveux. R\u00e9alisez des looks longue-tenue. R\u00e9sultat naturel et cheveux plus doux, quel que soit le type de cheveux. Protection de la couleur et r\u00e9sultat effet-velours. 2X PLUS LISSE. 2X PLUS RAPIDE. 78% DE DOMMAGES EN MOINS.\" \/>\n<meta property=\"og:url\" content=\"https:\/\/www.lamhair.be\/shop\/product\/steampod-3-0-loreal\/\" \/>\n<meta property=\"og:site_name\" content=\"Lamhair - boutique\" \/>\n<meta property=\"article:modified_time\" content=\"2020-04-17T13:42:29+00:00\" \/>\n<meta property=\"og:image\" content=\"https:\/\/www.lamhair.be\/shop\/wp-content\/uploads\/2020\/04\/Sans-titre-1-1.jpg\" \/>\n\t<meta property=\"og:image:width\" content=\"690\" \/>\n\t<meta property=\"og:image:height\" content=\"690\" \/>\n\t<meta property=\"og:image:type\" content=\"image\/jpeg\" \/>\n<meta name=\"twitter:card\" content=\"summary_large_image\" \/>\n<script type=\"application\/ld+json\" class=\"yoast-schema-graph\">{\"@context\":\"https:\/\/schema.org\",\"@graph\":[{\"@type\":\"WebPage\",\"@id\":\"https:\/\/www.lamhair.be\/shop\/product\/steampod-3-0-loreal\/\",\"url\":\"https:\/\/www.lamhair.be\/shop\/product\/steampod-3-0-loreal\/\",\"name\":\"Steampod 3.0 L'Or\u00e9al - Lamhair - boutique\",\"isPartOf\":{\"@id\":\"https:\/\/www.lamhair.be\/shop\/#website\"},\"datePublished\":\"2020-04-17T13:20:11+00:00\",\"dateModified\":\"2020-04-17T13:42:29+00:00\",\"breadcrumb\":{\"@id\":\"https:\/\/www.lamhair.be\/shop\/product\/steampod-3-0-loreal\/#breadcrumb\"},\"inLanguage\":\"fr-FR\",\"potentialAction\":[{\"@type\":\"ReadAction\",\"target\":[\"https:\/\/www.lamhair.be\/shop\/product\/steampod-3-0-loreal\/\"]}]},{\"@type\":\"BreadcrumbList\",\"@id\":\"https:\/\/www.lamhair.be\/shop\/product\/steampod-3-0-loreal\/#breadcrumb\",\"itemListElement\":[{\"@type\":\"ListItem\",\"position\":1,\"name\":\"Home\",\"item\":\"https:\/\/www.lamhair.be\/shop\/\"},{\"@type\":\"ListItem\",\"position\":2,\"name\":\"La boutique\",\"item\":\"https:\/\/www.lamhair.be\/shop\/shop\/\"},{\"@type\":\"ListItem\",\"position\":3,\"name\":\"Steampod 3.0 L&rsquo;Or\u00e9al\"}]},{\"@type\":\"WebSite\",\"@id\":\"https:\/\/www.lamhair.be\/shop\/#website\",\"url\":\"https:\/\/www.lamhair.be\/shop\/\",\"name\":\"Lamhair - boutique\",\"description\":\"\",\"potentialAction\":[{\"@type\":\"SearchAction\",\"target\":{\"@type\":\"EntryPoint\",\"urlTemplate\":\"https:\/\/www.lamhair.be\/shop\/?s={search_term_string}\"},\"query-input\":\"required name=search_term_string\"}],\"inLanguage\":\"fr-FR\"}]}<\/script>\n<!-- \/ Yoast SEO plugin. -->","yoast_head_json":{"title":"Steampod 3.0 L'Or\u00e9al - Lamhair - boutique","robots":{"index":"index","follow":"follow","max-snippet":"max-snippet:-1","max-image-preview":"max-image-preview:large","max-video-preview":"max-video-preview:-1"},"canonical":"https:\/\/www.lamhair.be\/shop\/product\/steampod-3-0-loreal\/","og_locale":"fr_FR","og_type":"article","og_title":"Steampod 3.0 L'Or\u00e9al - Lamhair - boutique","og_description":"Lisseur \u00e0 vapeur Steampod. TOUJOURS LE CHAMPION DU LISSAGE MAIS EGALEMENT DES WAVES. Transformez instantan\u00e9ment vos cheveux gr\u00e2ce \u00e0 la technologie brevet\u00e9e \u00e0 base de vapeur : la fa\u00e7on \u00e0 la fois la plus douce et la plus puissante de coiffer vos cheveux. R\u00e9alisez des looks longue-tenue. R\u00e9sultat naturel et cheveux plus doux, quel que soit le type de cheveux. Protection de la couleur et r\u00e9sultat effet-velours. 2X PLUS LISSE. 2X PLUS RAPIDE. 78% DE DOMMAGES EN MOINS.","og_url":"https:\/\/www.lamhair.be\/shop\/product\/steampod-3-0-loreal\/","og_site_name":"Lamhair - boutique","article_modified_time":"2020-04-17T13:42:29+00:00","og_image":[{"width":690,"height":690,"url":"https:\/\/www.lamhair.be\/shop\/wp-content\/uploads\/2020\/04\/Sans-titre-1-1.jpg","type":"image\/jpeg"}],"twitter_card":"summary_large_image","schema":{"@context":"https:\/\/schema.org","@graph":[{"@type":"WebPage","@id":"https:\/\/www.lamhair.be\/shop\/product\/steampod-3-0-loreal\/","url":"https:\/\/www.lamhair.be\/shop\/product\/steampod-3-0-loreal\/","name":"Steampod 3.0 L'Or\u00e9al - Lamhair - boutique","isPartOf":{"@id":"https:\/\/www.lamhair.be\/shop\/#website"},"datePublished":"2020-04-17T13:20:11+00:00","dateModified":"2020-04-17T13:42:29+00:00","breadcrumb":{"@id":"https:\/\/www.lamhair.be\/shop\/product\/steampod-3-0-loreal\/#breadcrumb"},"inLanguage":"fr-FR","potentialAction":[{"@type":"ReadAction","target":["https:\/\/www.lamhair.be\/shop\/product\/steampod-3-0-loreal\/"]}]},{"@type":"BreadcrumbList","@id":"https:\/\/www.lamhair.be\/shop\/product\/steampod-3-0-loreal\/#breadcrumb","itemListElement":[{"@type":"ListItem","position":1,"name":"Home","item":"https:\/\/www.lamhair.be\/shop\/"},{"@type":"ListItem","position":2,"name":"La boutique","item":"https:\/\/www.lamhair.be\/shop\/shop\/"},{"@type":"ListItem","position":3,"name":"Steampod 3.0 L&rsquo;Or\u00e9al"}]},{"@type":"WebSite","@id":"https:\/\/www.lamhair.be\/shop\/#website","url":"https:\/\/www.lamhair.be\/shop\/","name":"Lamhair - boutique","description":"","potentialAction":[{"@type":"SearchAction","target":{"@type":"EntryPoint","urlTemplate":"https:\/\/www.lamhair.be\/shop\/?s={search_term_string}"},"query-input":"required name=search_term_string"}],"inLanguage":"fr-FR"}]}},"_links":{"self":[{"href":"https:\/\/www.lamhair.be\/shop\/wp-json\/wp\/v2\/product\/9388"}],"collection":[{"href":"https:\/\/www.lamhair.be\/shop\/wp-json\/wp\/v2\/product"}],"about":[{"href":"https:\/\/www.lamhair.be\/shop\/wp-json\/wp\/v2\/types\/product"}],"replies":[{"embeddable":true,"href":"https:\/\/www.lamhair.be\/shop\/wp-json\/wp\/v2\/comments?post=9388"}],"wp:featuredmedia":[{"embeddable":true,"href":"https:\/\/www.lamhair.be\/shop\/wp-json\/wp\/v2\/media\/9390"}],"wp:attachment":[{"href":"https:\/\/www.lamhair.be\/shop\/wp-json\/wp\/v2\/media?parent=9388"}],"wp:term":[{"taxonomy":"product_cat","embeddable":true,"href":"https:\/\/www.lamhair.be\/shop\/wp-json\/wp\/v2\/product_cat?post=9388"},{"taxonomy":"product_tag","embeddable":true,"href":"https:\/\/www.lamhair.be\/shop\/wp-json\/wp\/v2\/product_tag?post=9388"}],"curies":[{"name":"wp","href":"https:\/\/api.w.org\/{rel}","templated":true}]}}