{"id":9397,"date":"2020-04-17T15:00:43","date_gmt":"2020-04-17T13:00:43","guid":{"rendered":"https:\/\/www.lamhair.be\/shop\/?post_type=product&#038;p=9397"},"modified":"2020-05-07T18:57:03","modified_gmt":"2020-05-07T16:57:03","slug":"spray-camoufle-racine-subtil-75ml","status":"publish","type":"product","link":"https:\/\/www.lamhair.be\/shop\/product\/spray-camoufle-racine-subtil-75ml\/","title":{"rendered":"Spray Camoufle Racine SUBTIL 75ml"},"content":{"rendered":"","protected":false},"excerpt":{"rendered":"<p>Spray Subtil Hair Make-up, pour effacer en un seul geste l&rsquo;effet racines.<br \/>\nDes pigments intenses fusionnent avec la teinte de vos cheveux pour camoufler vos racines.<br \/>\nPour l&rsquo;application: Bien agiter avant chaque utilisation.<br \/>\nPar pr\u00e9caution, d\u00e9posez une serviette sur vos \u00e9paules.<br \/>\nVaporisez sur cheveux secs \u00e0 environ 15 cm des racines.<br \/>\nLaissez s\u00e9cher une minute.<br \/>\nS&rsquo;\u00e9limine au shampoing.<\/p>\n<p>Coloris disponibles (\u00e0 pr\u00e9ciser lors de la commande) :<br \/>\nCh\u00e2tain fonc\u00e9.<br \/>\nCh\u00e2tain clair.<br \/>\nBlond fonc\u00e9.<br \/>\nBlond clair.<\/p>\n","protected":false},"featured_media":9396,"comment_status":"open","ping_status":"closed","template":"","meta":[],"product_cat":[107],"product_tag":[],"yoast_head":"<!-- This site is optimized with the Yoast SEO plugin v19.5.1 - https:\/\/yoast.com\/wordpress\/plugins\/seo\/ -->\n<title>Spray Camoufle Racine SUBTIL 75ml - Lamhair - boutique<\/title>\n<meta name=\"robots\" content=\"index, follow, max-snippet:-1, max-image-preview:large, max-video-preview:-1\" \/>\n<link rel=\"canonical\" href=\"https:\/\/www.lamhair.be\/shop\/product\/spray-camoufle-racine-subtil-75ml\/\" \/>\n<meta property=\"og:locale\" content=\"fr_FR\" \/>\n<meta property=\"og:type\" content=\"article\" \/>\n<meta property=\"og:title\" content=\"Spray Camoufle Racine SUBTIL 75ml - Lamhair - boutique\" \/>\n<meta property=\"og:description\" content=\"Spray Subtil Hair Make-up, pour effacer en un seul geste l&#039;effet racines. Des pigments intenses fusionnent avec la teinte de vos cheveux pour camoufler vos racines.  Pour l&#039;application: Bien agiter avant chaque utilisation. Par pr\u00e9caution, d\u00e9posez une serviette sur vos \u00e9paules. Vaporisez sur cheveux secs \u00e0 environ 15 cm des racines. Laissez s\u00e9cher une minute. S&#039;\u00e9limine au shampoing.  Coloris disponibles (\u00e0 pr\u00e9ciser lors de la commande) : Ch\u00e2tain fonc\u00e9. Ch\u00e2tain clair. Blond fonc\u00e9. Blond clair.\" \/>\n<meta property=\"og:url\" content=\"https:\/\/www.lamhair.be\/shop\/product\/spray-camoufle-racine-subtil-75ml\/\" \/>\n<meta property=\"og:site_name\" content=\"Lamhair - boutique\" \/>\n<meta property=\"article:modified_time\" content=\"2020-05-07T16:57:03+00:00\" \/>\n<meta property=\"og:image\" content=\"https:\/\/www.lamhair.be\/shop\/wp-content\/uploads\/2020\/04\/ok.jpg\" \/>\n\t<meta property=\"og:image:width\" content=\"690\" \/>\n\t<meta property=\"og:image:height\" content=\"690\" \/>\n\t<meta property=\"og:image:type\" content=\"image\/jpeg\" \/>\n<meta name=\"twitter:card\" content=\"summary_large_image\" \/>\n<script type=\"application\/ld+json\" class=\"yoast-schema-graph\">{\"@context\":\"https:\/\/schema.org\",\"@graph\":[{\"@type\":\"WebPage\",\"@id\":\"https:\/\/www.lamhair.be\/shop\/product\/spray-camoufle-racine-subtil-75ml\/\",\"url\":\"https:\/\/www.lamhair.be\/shop\/product\/spray-camoufle-racine-subtil-75ml\/\",\"name\":\"Spray Camoufle Racine SUBTIL 75ml - Lamhair - boutique\",\"isPartOf\":{\"@id\":\"https:\/\/www.lamhair.be\/shop\/#website\"},\"datePublished\":\"2020-04-17T13:00:43+00:00\",\"dateModified\":\"2020-05-07T16:57:03+00:00\",\"breadcrumb\":{\"@id\":\"https:\/\/www.lamhair.be\/shop\/product\/spray-camoufle-racine-subtil-75ml\/#breadcrumb\"},\"inLanguage\":\"fr-FR\",\"potentialAction\":[{\"@type\":\"ReadAction\",\"target\":[\"https:\/\/www.lamhair.be\/shop\/product\/spray-camoufle-racine-subtil-75ml\/\"]}]},{\"@type\":\"BreadcrumbList\",\"@id\":\"https:\/\/www.lamhair.be\/shop\/product\/spray-camoufle-racine-subtil-75ml\/#breadcrumb\",\"itemListElement\":[{\"@type\":\"ListItem\",\"position\":1,\"name\":\"Home\",\"item\":\"https:\/\/www.lamhair.be\/shop\/\"},{\"@type\":\"ListItem\",\"position\":2,\"name\":\"La boutique\",\"item\":\"https:\/\/www.lamhair.be\/shop\/shop\/\"},{\"@type\":\"ListItem\",\"position\":3,\"name\":\"Spray Camoufle Racine SUBTIL 75ml\"}]},{\"@type\":\"WebSite\",\"@id\":\"https:\/\/www.lamhair.be\/shop\/#website\",\"url\":\"https:\/\/www.lamhair.be\/shop\/\",\"name\":\"Lamhair - boutique\",\"description\":\"\",\"potentialAction\":[{\"@type\":\"SearchAction\",\"target\":{\"@type\":\"EntryPoint\",\"urlTemplate\":\"https:\/\/www.lamhair.be\/shop\/?s={search_term_string}\"},\"query-input\":\"required name=search_term_string\"}],\"inLanguage\":\"fr-FR\"}]}<\/script>\n<!-- \/ Yoast SEO plugin. -->","yoast_head_json":{"title":"Spray Camoufle Racine SUBTIL 75ml - Lamhair - boutique","robots":{"index":"index","follow":"follow","max-snippet":"max-snippet:-1","max-image-preview":"max-image-preview:large","max-video-preview":"max-video-preview:-1"},"canonical":"https:\/\/www.lamhair.be\/shop\/product\/spray-camoufle-racine-subtil-75ml\/","og_locale":"fr_FR","og_type":"article","og_title":"Spray Camoufle Racine SUBTIL 75ml - Lamhair - boutique","og_description":"Spray Subtil Hair Make-up, pour effacer en un seul geste l'effet racines. Des pigments intenses fusionnent avec la teinte de vos cheveux pour camoufler vos racines.  Pour l'application: Bien agiter avant chaque utilisation. Par pr\u00e9caution, d\u00e9posez une serviette sur vos \u00e9paules. Vaporisez sur cheveux secs \u00e0 environ 15 cm des racines. Laissez s\u00e9cher une minute. S'\u00e9limine au shampoing.  Coloris disponibles (\u00e0 pr\u00e9ciser lors de la commande) : Ch\u00e2tain fonc\u00e9. Ch\u00e2tain clair. Blond fonc\u00e9. Blond clair.","og_url":"https:\/\/www.lamhair.be\/shop\/product\/spray-camoufle-racine-subtil-75ml\/","og_site_name":"Lamhair - boutique","article_modified_time":"2020-05-07T16:57:03+00:00","og_image":[{"width":690,"height":690,"url":"https:\/\/www.lamhair.be\/shop\/wp-content\/uploads\/2020\/04\/ok.jpg","type":"image\/jpeg"}],"twitter_card":"summary_large_image","schema":{"@context":"https:\/\/schema.org","@graph":[{"@type":"WebPage","@id":"https:\/\/www.lamhair.be\/shop\/product\/spray-camoufle-racine-subtil-75ml\/","url":"https:\/\/www.lamhair.be\/shop\/product\/spray-camoufle-racine-subtil-75ml\/","name":"Spray Camoufle Racine SUBTIL 75ml - Lamhair - boutique","isPartOf":{"@id":"https:\/\/www.lamhair.be\/shop\/#website"},"datePublished":"2020-04-17T13:00:43+00:00","dateModified":"2020-05-07T16:57:03+00:00","breadcrumb":{"@id":"https:\/\/www.lamhair.be\/shop\/product\/spray-camoufle-racine-subtil-75ml\/#breadcrumb"},"inLanguage":"fr-FR","potentialAction":[{"@type":"ReadAction","target":["https:\/\/www.lamhair.be\/shop\/product\/spray-camoufle-racine-subtil-75ml\/"]}]},{"@type":"BreadcrumbList","@id":"https:\/\/www.lamhair.be\/shop\/product\/spray-camoufle-racine-subtil-75ml\/#breadcrumb","itemListElement":[{"@type":"ListItem","position":1,"name":"Home","item":"https:\/\/www.lamhair.be\/shop\/"},{"@type":"ListItem","position":2,"name":"La boutique","item":"https:\/\/www.lamhair.be\/shop\/shop\/"},{"@type":"ListItem","position":3,"name":"Spray Camoufle Racine SUBTIL 75ml"}]},{"@type":"WebSite","@id":"https:\/\/www.lamhair.be\/shop\/#website","url":"https:\/\/www.lamhair.be\/shop\/","name":"Lamhair - boutique","description":"","potentialAction":[{"@type":"SearchAction","target":{"@type":"EntryPoint","urlTemplate":"https:\/\/www.lamhair.be\/shop\/?s={search_term_string}"},"query-input":"required name=search_term_string"}],"inLanguage":"fr-FR"}]}},"_links":{"self":[{"href":"https:\/\/www.lamhair.be\/shop\/wp-json\/wp\/v2\/product\/9397"}],"collection":[{"href":"https:\/\/www.lamhair.be\/shop\/wp-json\/wp\/v2\/product"}],"about":[{"href":"https:\/\/www.lamhair.be\/shop\/wp-json\/wp\/v2\/types\/product"}],"replies":[{"embeddable":true,"href":"https:\/\/www.lamhair.be\/shop\/wp-json\/wp\/v2\/comments?post=9397"}],"wp:featuredmedia":[{"embeddable":true,"href":"https:\/\/www.lamhair.be\/shop\/wp-json\/wp\/v2\/media\/9396"}],"wp:attachment":[{"href":"https:\/\/www.lamhair.be\/shop\/wp-json\/wp\/v2\/media?parent=9397"}],"wp:term":[{"taxonomy":"product_cat","embeddable":true,"href":"https:\/\/www.lamhair.be\/shop\/wp-json\/wp\/v2\/product_cat?post=9397"},{"taxonomy":"product_tag","embeddable":true,"href":"https:\/\/www.lamhair.be\/shop\/wp-json\/wp\/v2\/product_tag?post=9397"}],"curies":[{"name":"wp","href":"https:\/\/api.w.org\/{rel}","templated":true}]}}